{"id":4582,"date":"2022-10-27T10:48:22","date_gmt":"2022-10-27T10:48:22","guid":{"rendered":"https:\/\/remachestudela.com\/ueber-uns\/"},"modified":"2023-08-28T12:52:15","modified_gmt":"2023-08-28T12:52:15","slug":"ueber-uns","status":"publish","type":"page","link":"https:\/\/remachestudela.com\/de\/ueber-uns\/","title":{"rendered":"\u00dcber uns"},"content":{"rendered":"<p>[et_pb_section fb_built=&#8220;1&#8243; custom_padding_last_edited=&#8220;on|tablet&#8220; admin_label=&#8220;Categories&#8220; _builder_version=&#8220;4.18.0&#8243; _module_preset=&#8220;default&#8220; background_color=&#8220;#FFFFFF&#8220; custom_margin=&#8220;0px||||false|false&#8220; custom_margin_tablet=&#8220;||||false|false&#8220; custom_margin_phone=&#8220;||||false|false&#8220; custom_margin_last_edited=&#8220;on|phone&#8220; custom_padding=&#8220;40px||||false|false&#8220; custom_padding_tablet=&#8220;0px||||false|false&#8220; custom_padding_phone=&#8220;0px||20px||false|false&#8220; animation_style=&#8220;slide&#8220; animation_direction=&#8220;bottom&#8220; global_colors_info=&#8220;{}&#8220;][et_pb_row column_structure=&#8220;1_2,1_2&#8243; make_equal=&#8220;on&#8220; _builder_version=&#8220;4.18.0&#8243; _module_preset=&#8220;default&#8220; custom_padding=&#8220;||0px||false|false&#8220; global_colors_info=&#8220;{}&#8220;][et_pb_column type=&#8220;1_2&#8243; _builder_version=&#8220;4.18.0&#8243; _module_preset=&#8220;default&#8220; custom_css_main_element=&#8220;margin: auto;&#8220; global_colors_info=&#8220;{}&#8220;][et_pb_image src=&#8220;https:\/\/remachestudela.com\/wp-content\/uploads\/2022\/10\/company-featured.jpg&#8220; title_text=&#8220;company-featured&#8220; align_tablet=&#8220;center&#8220; align_phone=&#8220;center&#8220; align_last_edited=&#8220;on|tablet&#8220; _builder_version=&#8220;4.18.0&#8243; _module_preset=&#8220;default&#8220; width_tablet=&#8220;75%&#8220; width_phone=&#8220;60%&#8220; width_last_edited=&#8220;on|phone&#8220; custom_margin_tablet=&#8220;||23px||false|false&#8220; custom_margin_phone=&#8220;||23px||false|false&#8220; custom_margin_last_edited=&#8220;on|tablet&#8220; global_colors_info=&#8220;{}&#8220;][\/et_pb_image][\/et_pb_column][et_pb_column type=&#8220;1_2&#8243; _builder_version=&#8220;4.18.0&#8243; _module_preset=&#8220;default&#8220; custom_padding=&#8220;||||false|false&#8220; custom_padding_tablet=&#8220;0%||||false|false&#8220; custom_padding_phone=&#8220;&#8220; custom_padding_last_edited=&#8220;on|desktop&#8220; global_colors_info=&#8220;{}&#8220;][et_pb_text _builder_version=&#8220;4.20.2&#8243; _module_preset=&#8220;c3c1179e-80e4-4396-b700-51b845e1c46f&#8220; header_2_font=&#8220;Maven Pro|800|||||||&#8220; header_2_text_color=&#8220;#263238&#8243; header_2_font_size=&#8220;60px&#8220; header_2_letter_spacing=&#8220;1px&#8220; header_2_line_height=&#8220;0.9em&#8220; custom_margin=&#8220;||10px||false|false&#8220; hover_enabled=&#8220;0&#8243; header_2_text_align_tablet=&#8220;center&#8220; header_2_text_align_phone=&#8220;center&#8220; header_2_text_align_last_edited=&#8220;on|tablet&#8220; header_2_font_size_tablet=&#8220;40px&#8220; header_2_font_size_phone=&#8220;35px&#8220; header_2_font_size_last_edited=&#8220;on|phone&#8220; header_2_line_height_tablet=&#8220;0.9em&#8220; header_2_line_height_phone=&#8220;0.9em&#8220; header_2_line_height_last_edited=&#8220;on|desktop&#8220; locked=&#8220;off&#8220; global_colors_info=&#8220;{}&#8220; sticky_enabled=&#8220;0&#8243;]<\/p>\n<h2>\u00dcber uns<\/h2>\n<p>[\/et_pb_text][et_pb_text _builder_version=&#8220;4.18.0&#8243; _module_preset=&#8220;9471635f-4d55-44f4-9c8c-d8b240ab9aca&#8220; header_font=&#8220;||||||||&#8220; header_3_font=&#8220;Maven Pro|800|||||||&#8220; header_3_text_color=&#8220;#263238&#8243; header_3_font_size=&#8220;24px&#8220; header_3_line_height=&#8220;1.4em&#8220; custom_margin=&#8220;||0px||false|false&#8220; header_3_font_size_tablet=&#8220;20px&#8220; header_3_font_size_phone=&#8220;16px&#8220; header_3_font_size_last_edited=&#8220;on|desktop&#8220; locked=&#8220;off&#8220; global_colors_info=&#8220;{}&#8220;]<\/p>\n<h3>Hervorragende Qualit\u00e4t, unschlagbare Preise und ein herausragender Service.<\/h3>\n<p>[\/et_pb_text][et_pb_text _builder_version=&#8220;4.18.0&#8243; _module_preset=&#8220;2e1ca0a8-a515-4ca3-8814-65eea4b82393&#8243; text_font=&#8220;Maven Pro||||||||&#8220; text_text_color=&#8220;#263238&#8243; text_font_size=&#8220;16px&#8220; text_line_height=&#8220;1.4em&#8220; locked=&#8220;off&#8220; global_colors_info=&#8220;{}&#8220;]<\/p>\n<p>Remaches Tudela SL. ist ein produktives Unternehmen in der Herstellung von Befestigungssystemen seit dem Jahr 1982, mit Werken in Spanien und China, die in der Lage sind, die vielf\u00e4ltigsten Anforderungen des Marktes in Bezug auf Qualit\u00e4t, Sortiment und Preis zu erf\u00fcllen.<\/p>\n<p>In Navarra (Spanien) betreiben wir ein Produktionswerk mit einer \u00fcberdachten Fl\u00e4che von 2.000 m2, das auf die Herstellung von lackierten Nieten, Standard-Nieten und extra langen Nieten spezialisiert ist. Zudem verf\u00fcgen wir \u00fcber das Produktionswerk Remaches Tudela Asia Co., Ltd. in China mit einer Fl\u00e4che von 20.000 m2, das die Produktion aller Standard-Nieten nach unseren Designs konzentriert und von unseren spezialisierten Technikern betreut wird.<\/p>\n<p>[\/et_pb_text][\/et_pb_column][\/et_pb_row][\/et_pb_section][et_pb_section fb_built=&#8220;1&#8243; custom_padding_last_edited=&#8220;on|phone&#8220; admin_label=&#8220;Categories&#8220; _builder_version=&#8220;4.18.0&#8243; _module_preset=&#8220;default&#8220; background_color=&#8220;#FFFFFF&#8220; custom_margin=&#8220;0px||||false|false&#8220; custom_margin_phone=&#8220;0px||||false|false&#8220; custom_margin_last_edited=&#8220;off|phone&#8220; custom_padding=&#8220;40px||||false|false&#8220; custom_padding_tablet=&#8220;70px||||false|false&#8220; custom_padding_phone=&#8220;30px||20px||false|false&#8220; animation_style=&#8220;slide&#8220; animation_direction=&#8220;bottom&#8220; global_colors_info=&#8220;{}&#8220;][et_pb_row column_structure=&#8220;1_2,1_2&#8243; make_equal=&#8220;on&#8220; _builder_version=&#8220;4.18.0&#8243; _module_preset=&#8220;default&#8220; custom_padding=&#8220;||0px||false|false&#8220; global_colors_info=&#8220;{}&#8220;][et_pb_column type=&#8220;1_2&#8243; _builder_version=&#8220;4.18.0&#8243; _module_preset=&#8220;default&#8220; custom_css_main_element=&#8220;margin: auto;&#8220; global_colors_info=&#8220;{}&#8220;][et_pb_gallery gallery_ids=&#8220;185,186,187,188&#8243; fullwidth=&#8220;on&#8220; disabled_on=&#8220;off|off|on&#8220; _builder_version=&#8220;4.18.0&#8243; _module_preset=&#8220;default&#8220; width_tablet=&#8220;75%&#8220; width_phone=&#8220;60%&#8220; width_last_edited=&#8220;on|phone&#8220; auto=&#8220;on&#8220; module_alignment_tablet=&#8220;center&#8220; module_alignment_phone=&#8220;center&#8220; module_alignment_last_edited=&#8220;on|tablet&#8220; global_colors_info=&#8220;{}&#8220;][\/et_pb_gallery][et_pb_text _builder_version=&#8220;4.19.0&#8243; _module_preset=&#8220;c3c1179e-80e4-4396-b700-51b845e1c46f&#8220; header_2_font=&#8220;Maven Pro|800|||||||&#8220; header_2_text_color=&#8220;#263238&#8243; header_2_font_size=&#8220;60px&#8220; header_2_letter_spacing=&#8220;1px&#8220; header_2_line_height=&#8220;0.9em&#8220; custom_margin=&#8220;||10px||false|false&#8220; header_2_text_align_tablet=&#8220;center&#8220; header_2_text_align_phone=&#8220;center&#8220; header_2_text_align_last_edited=&#8220;on|tablet&#8220; header_2_font_size_tablet=&#8220;40px&#8220; header_2_font_size_phone=&#8220;35px&#8220; header_2_font_size_last_edited=&#8220;on|phone&#8220; header_2_line_height_tablet=&#8220;0.9em&#8220; header_2_line_height_phone=&#8220;0.9em&#8220; header_2_line_height_last_edited=&#8220;on|desktop&#8220; locked=&#8220;off&#8220; global_colors_info=&#8220;{}&#8220;]<\/p>\n<h2>Eigenproduktion<\/h2>\n<p>[\/et_pb_text][et_pb_text _builder_version=&#8220;4.19.0&#8243; _module_preset=&#8220;9471635f-4d55-44f4-9c8c-d8b240ab9aca&#8220; header_font=&#8220;||||||||&#8220; header_3_font=&#8220;Maven Pro|800|||||||&#8220; header_3_text_color=&#8220;#263238&#8243; header_3_font_size=&#8220;24px&#8220; header_3_line_height=&#8220;1.4em&#8220; custom_margin=&#8220;||0px||false|false&#8220; header_3_font_size_tablet=&#8220;20px&#8220; header_3_font_size_phone=&#8220;16px&#8220; header_3_font_size_last_edited=&#8220;on|desktop&#8220; locked=&#8220;off&#8220; global_colors_info=&#8220;{}&#8220;]<\/p>\n<h3>\u00dcber 22.000 m2 Fl\u00e4che<\/h3>\n<p>[\/et_pb_text][et_pb_text _builder_version=&#8220;4.19.0&#8243; _module_preset=&#8220;2e1ca0a8-a515-4ca3-8814-65eea4b82393&#8243; text_font=&#8220;Maven Pro||||||||&#8220; text_text_color=&#8220;#263238&#8243; text_font_size=&#8220;16px&#8220; text_line_height=&#8220;1.4em&#8220; locked=&#8220;off&#8220; global_colors_info=&#8220;{}&#8220;]<\/p>\n<p>Wir verf\u00fcgen \u00fcber zwei Produktionsst\u00e4tten weltweit mit mehr als 22.000 m2 Fl\u00e4che, um die vielf\u00e4ltigsten und anspruchsvollsten Produktpaletten des Marktes zu entwickeln.<br \/>Unsere Fabriken sind darauf ausgerichtet, die Umwelt zu sch\u00fctzen, indem sie streng alle vom aktuellen Gesetzgeber eingef\u00fchrten Vorschriften einhalten. <br \/>Die Abfallerzeugung ist minimal, sodass die Entsorgung kein Problem darstellt.<\/p>\n<p>[\/et_pb_text][\/et_pb_column][et_pb_column type=&#8220;1_2&#8243; _builder_version=&#8220;4.18.0&#8243; _module_preset=&#8220;default&#8220; custom_padding=&#8220;||||false|false&#8220; custom_padding_tablet=&#8220;0%||||false|false&#8220; custom_padding_phone=&#8220;&#8220; custom_padding_last_edited=&#8220;on|desktop&#8220; global_colors_info=&#8220;{}&#8220;][et_pb_gallery gallery_ids=&#8220;185,186,187,188&#8243; fullwidth=&#8220;on&#8220; disabled_on=&#8220;on|on|off&#8220; _builder_version=&#8220;4.18.0&#8243; _module_preset=&#8220;default&#8220; width_tablet=&#8220;75%&#8220; width_phone=&#8220;60%&#8220; width_last_edited=&#8220;on|phone&#8220; auto=&#8220;on&#8220; global_colors_info=&#8220;{}&#8220;][\/et_pb_gallery][\/et_pb_column][\/et_pb_row][\/et_pb_section][et_pb_section fb_built=&#8220;1&#8243; custom_padding_last_edited=&#8220;on|phone&#8220; admin_label=&#8220;Categories&#8220; _builder_version=&#8220;4.18.0&#8243; _module_preset=&#8220;default&#8220; background_color=&#8220;#FFFFFF&#8220; custom_margin=&#8220;0px||||false|false&#8220; custom_margin_phone=&#8220;0px||||false|false&#8220; custom_margin_last_edited=&#8220;off|phone&#8220; custom_padding=&#8220;40px||||false|false&#8220; custom_padding_tablet=&#8220;70px||||false|false&#8220; custom_padding_phone=&#8220;30px||20px||false|false&#8220; animation_style=&#8220;slide&#8220; animation_direction=&#8220;bottom&#8220; global_colors_info=&#8220;{}&#8220;][et_pb_row column_structure=&#8220;1_2,1_2&#8243; make_equal=&#8220;on&#8220; _builder_version=&#8220;4.18.0&#8243; _module_preset=&#8220;default&#8220; custom_padding=&#8220;||0px||false|false&#8220; global_colors_info=&#8220;{}&#8220;][et_pb_column type=&#8220;1_2&#8243; _builder_version=&#8220;4.18.0&#8243; _module_preset=&#8220;default&#8220; custom_css_main_element=&#8220;margin: auto;&#8220; global_colors_info=&#8220;{}&#8220;][et_pb_image src=&#8220;https:\/\/remachestudela.com\/wp-content\/uploads\/2022\/10\/Remaches-Fixing-the-World-2022-02-300&#215;300.png&#8220; title_text=&#8220;Remaches-Fixing-the-World-2022-02&#8243; align=&#8220;center&#8220; align_tablet=&#8220;center&#8220; align_phone=&#8220;center&#8220; align_last_edited=&#8220;on|tablet&#8220; _builder_version=&#8220;4.20.2&#8243; _module_preset=&#8220;default&#8220; width_tablet=&#8220;75%&#8220; width_phone=&#8220;60%&#8220; width_last_edited=&#8220;on|phone&#8220; global_colors_info=&#8220;{}&#8220;][\/et_pb_image][\/et_pb_column][et_pb_column type=&#8220;1_2&#8243; _builder_version=&#8220;4.18.0&#8243; _module_preset=&#8220;default&#8220; custom_padding=&#8220;||||false|false&#8220; custom_padding_tablet=&#8220;0%||||false|false&#8220; custom_padding_phone=&#8220;&#8220; custom_padding_last_edited=&#8220;on|desktop&#8220; global_colors_info=&#8220;{}&#8220;][et_pb_text _builder_version=&#8220;4.18.0&#8243; _module_preset=&#8220;c3c1179e-80e4-4396-b700-51b845e1c46f&#8220; header_2_font=&#8220;Maven Pro|800|||||||&#8220; header_2_text_color=&#8220;#263238&#8243; header_2_font_size=&#8220;60px&#8220; header_2_letter_spacing=&#8220;1px&#8220; header_2_line_height=&#8220;0.9em&#8220; custom_margin=&#8220;||10px||false|false&#8220; header_2_text_align_tablet=&#8220;center&#8220; header_2_text_align_phone=&#8220;center&#8220; header_2_text_align_last_edited=&#8220;on|tablet&#8220; header_2_font_size_tablet=&#8220;40px&#8220; header_2_font_size_phone=&#8220;35px&#8220; header_2_font_size_last_edited=&#8220;on|phone&#8220; header_2_line_height_tablet=&#8220;0.9em&#8220; header_2_line_height_phone=&#8220;0.9em&#8220; header_2_line_height_last_edited=&#8220;on|desktop&#8220; locked=&#8220;off&#8220; global_colors_info=&#8220;{}&#8220;]<\/p>\n<h2>Die Welt befestigen<\/h2>\n<p>[\/et_pb_text][et_pb_text _builder_version=&#8220;4.19.0&#8243; _module_preset=&#8220;2e1ca0a8-a515-4ca3-8814-65eea4b82393&#8243; text_font=&#8220;Maven Pro||||||||&#8220; text_text_color=&#8220;#263238&#8243; text_font_size=&#8220;16px&#8220; text_line_height=&#8220;1.4em&#8220; locked=&#8220;off&#8220; global_colors_info=&#8220;{}&#8220;]<\/p>\n<p><span>80%<\/span> <strong>unserer<\/strong><span> produktion wird in \u00fcber 30 L\u00e4nder in aller Welt exportiert. Alle Nieten werden gem\u00e4\u00df den ISO-Normen hergestellt und unterliegen einer sorgf\u00e4ltigen Qualit\u00e4tskontrolle vom Herstellungsprozess bis zur Lieferung an unsere Kunden.<\/span><\/p>\n<p>[\/et_pb_text][\/et_pb_column][\/et_pb_row][\/et_pb_section][et_pb_section fb_built=&#8220;1&#8243; custom_padding_last_edited=&#8220;on|phone&#8220; admin_label=&#8220;Categories&#8220; _builder_version=&#8220;4.18.0&#8243; _module_preset=&#8220;default&#8220; background_color=&#8220;#FFFFFF&#8220; custom_margin=&#8220;0px||||false|false&#8220; custom_margin_phone=&#8220;0px||||false|false&#8220; custom_margin_last_edited=&#8220;off|phone&#8220; custom_padding=&#8220;40px||||false|false&#8220; custom_padding_tablet=&#8220;70px||||false|false&#8220; custom_padding_phone=&#8220;30px||20px||false|false&#8220; animation_style=&#8220;slide&#8220; animation_direction=&#8220;bottom&#8220; global_colors_info=&#8220;{}&#8220;][et_pb_row column_structure=&#8220;1_2,1_2&#8243; make_equal=&#8220;on&#8220; _builder_version=&#8220;4.18.0&#8243; _module_preset=&#8220;default&#8220; custom_padding=&#8220;||0px||false|false&#8220; global_colors_info=&#8220;{}&#8220;][et_pb_column type=&#8220;1_2&#8243; _builder_version=&#8220;4.18.0&#8243; _module_preset=&#8220;default&#8220; custom_css_main_element=&#8220;margin: auto;&#8220; global_colors_info=&#8220;{}&#8220;][et_pb_image src=&#8220;https:\/\/remachestudela.com\/wp-content\/uploads\/2022\/11\/remaches-lacados-1024&#215;768.webp&#8220; title_text=&#8220;nieten-lackierte&#8220; align_tablet=&#8220;center&#8220; align_phone=&#8220;center&#8220; align_last_edited=&#8220;on|tablet&#8220; disabled_on=&#8220;off|off|on&#8220; _builder_version=&#8220;4.18.0&#8243; _module_preset=&#8220;default&#8220; width_tablet=&#8220;75%&#8220; width_phone=&#8220;60%&#8220; width_last_edited=&#8220;on|phone&#8220; global_colors_info=&#8220;{}&#8220;][\/et_pb_image][et_pb_text _builder_version=&#8220;4.18.0&#8243; _module_preset=&#8220;c3c1179e-80e4-4396-b700-51b845e1c46f&#8220; header_2_font=&#8220;Maven Pro|800|||||||&#8220; header_2_text_color=&#8220;#263238&#8243; header_2_font_size=&#8220;60px&#8220; header_2_letter_spacing=&#8220;1px&#8220; header_2_line_height=&#8220;0.9em&#8220; custom_margin=&#8220;||10px||false|false&#8220; header_2_text_align_tablet=&#8220;center&#8220; header_2_text_align_phone=&#8220;center&#8220; header_2_text_align_last_edited=&#8220;on|tablet&#8220; header_2_font_size_tablet=&#8220;40px&#8220; header_2_font_size_phone=&#8220;35px&#8220; header_2_font_size_last_edited=&#8220;on|phone&#8220; header_2_line_height_tablet=&#8220;0.9em&#8220; header_2_line_height_phone=&#8220;0.9em&#8220; header_2_line_height_last_edited=&#8220;on|desktop&#8220; locked=&#8220;off&#8220; global_colors_info=&#8220;{}&#8220;]<\/p>\n<h2>Spezialisten f\u00fcr lackierte Nieten<\/h2>\n<p>[\/et_pb_text][et_pb_text _builder_version=&#8220;4.18.0&#8243; _module_preset=&#8220;2e1ca0a8-a515-4ca3-8814-65eea4b82393&#8243; text_font=&#8220;Maven Pro||||||||&#8220; text_text_color=&#8220;#263238&#8243; text_font_size=&#8220;16px&#8220; text_line_height=&#8220;1.4em&#8220; locked=&#8220;off&#8220; global_colors_info=&#8220;{}&#8220;]<\/p>\n<p>Von unserem Hauptsitz in Spanien aus sind wir spezialisiert auf die Herstellung von lackierten Nieten mit Maschinen und Handverfahren und bieten eine unvergleichliche<br \/>Qualit\u00e4t f\u00fcr unsere Produkte, die eine perfekte \u00e4sthetische Oberfl\u00e4che erfordern.<br \/>Dies erm\u00f6glicht uns, einen wettbewerbsf\u00e4higeren und schnelleren Service zu bieten und dabei 100% des Prozesses zu kontrollieren.<br \/>Die Lackierung bietet eine Reihe von Vorteilen wie Korrosionsbest\u00e4ndigkeit und eine verbesserte \u00e4sthetische Oberfl\u00e4che.<\/p>\n<p>[\/et_pb_text][\/et_pb_column][et_pb_column type=&#8220;1_2&#8243; _builder_version=&#8220;4.18.0&#8243; _module_preset=&#8220;default&#8220; custom_padding=&#8220;||||false|false&#8220; custom_padding_tablet=&#8220;0%||||false|false&#8220; custom_padding_phone=&#8220;&#8220; custom_padding_last_edited=&#8220;on|desktop&#8220; custom_css_main_element=&#8220;margin: auto;&#8220; global_colors_info=&#8220;{}&#8220;][et_pb_image src=&#8220;https:\/\/remachestudela.com\/wp-content\/uploads\/2022\/11\/remaches-lacados-1024&#215;768.webp&#8220; title_text=&#8220;nieten-lackierte&#8220; align=&#8220;center&#8220; disabled_on=&#8220;on|on|off&#8220; _builder_version=&#8220;4.18.0&#8243; _module_preset=&#8220;default&#8220; width_tablet=&#8220;75%&#8220; width_phone=&#8220;60%&#8220; width_last_edited=&#8220;on|phone&#8220; global_colors_info=&#8220;{}&#8220;][\/et_pb_image][\/et_pb_column][\/et_pb_row][et_pb_row column_structure=&#8220;1_2,1_2&#8243; make_equal=&#8220;on&#8220; _builder_version=&#8220;4.19.0&#8243; _module_preset=&#8220;default&#8220; custom_padding=&#8220;||0px||false|false&#8220; global_colors_info=&#8220;{}&#8220;][et_pb_column type=&#8220;1_2&#8243; _builder_version=&#8220;4.18.0&#8243; _module_preset=&#8220;default&#8220; custom_css_main_element=&#8220;margin: auto;&#8220; global_colors_info=&#8220;{}&#8220;][et_pb_image src=&#8220;https:\/\/remachestudela.com\/wp-content\/uploads\/2022\/11\/CertificadoER-0639-724&#215;1024.webp&#8220; title_text=&#8220;CertificadoER-0639&#8243; align_tablet=&#8220;center&#8220; align_phone=&#8220;center&#8220; align_last_edited=&#8220;on|tablet&#8220; _builder_version=&#8220;4.19.0&#8243; _module_preset=&#8220;default&#8220; width=&#8220;52%&#8220; width_tablet=&#8220;75%&#8220; width_phone=&#8220;60%&#8220; width_last_edited=&#8220;on|phone&#8220; module_alignment=&#8220;center&#8220; module_alignment_tablet=&#8220;center&#8220; module_alignment_phone=&#8220;center&#8220; module_alignment_last_edited=&#8220;on|desktop&#8220; box_shadow_style=&#8220;preset1&#8243; box_shadow_color=&#8220;rgba(0,0,0,0.07)&#8220; global_colors_info=&#8220;{}&#8220;][\/et_pb_image][\/et_pb_column][et_pb_column type=&#8220;1_2&#8243; _builder_version=&#8220;4.19.0&#8243; _module_preset=&#8220;default&#8220; custom_padding=&#8220;||||false|false&#8220; custom_padding_tablet=&#8220;0%||||false|false&#8220; custom_padding_phone=&#8220;&#8220; custom_padding_last_edited=&#8220;on|desktop&#8220; custom_css_main_element=&#8220;margin: auto;&#8220; global_colors_info=&#8220;{}&#8220;][et_pb_text _builder_version=&#8220;4.19.0&#8243; _module_preset=&#8220;c3c1179e-80e4-4396-b700-51b845e1c46f&#8220; header_2_font=&#8220;Maven Pro|800|||||||&#8220; header_2_text_color=&#8220;#263238&#8243; header_2_font_size=&#8220;60px&#8220; header_2_letter_spacing=&#8220;1px&#8220; header_2_line_height=&#8220;0.9em&#8220; custom_margin=&#8220;||10px||false|false&#8220; header_2_text_align_tablet=&#8220;center&#8220; header_2_text_align_phone=&#8220;center&#8220; header_2_text_align_last_edited=&#8220;on|tablet&#8220; header_2_font_size_tablet=&#8220;40px&#8220; header_2_font_size_phone=&#8220;35px&#8220; header_2_font_size_last_edited=&#8220;on|phone&#8220; header_2_line_height_tablet=&#8220;0.9em&#8220; header_2_line_height_phone=&#8220;0.9em&#8220; header_2_line_height_last_edited=&#8220;on|desktop&#8220; locked=&#8220;off&#8220; global_colors_info=&#8220;{}&#8220;]<\/p>\n<h2>Qualit\u00e4tsprodukte<\/h2>\n<p>[\/et_pb_text][et_pb_text _builder_version=&#8220;4.19.0&#8243; _module_preset=&#8220;2e1ca0a8-a515-4ca3-8814-65eea4b82393&#8243; text_font=&#8220;Maven Pro||||||||&#8220; text_text_color=&#8220;#263238&#8243; text_font_size=&#8220;16px&#8220; text_line_height=&#8220;1.4em&#8220; locked=&#8220;off&#8220; global_colors_info=&#8220;{}&#8220;]<\/p>\n<p>Wir verf\u00fcgen \u00fcber ausgekl\u00fcgelte Qualit\u00e4tssysteme, um die R\u00fcckverfolgbarkeit unserer Produkte von den Rohmaterialien bis zur Auslieferung des Endprodukts zu kontrollieren. <br \/>Wir sind nach <strong>ISO 9001:2015<\/strong> zertifiziert und erf\u00fcllen alle europ\u00e4ischen Qualit\u00e4tsstandards.<\/p>\n<p>[\/et_pb_text][et_pb_button button_url=&#8220;https:\/\/remachestudela.com\/de\/qualitaet\/&#8220; button_text=&#8220;Sehen Sie sich unsere Zertifikate an&#8220; _builder_version=&#8220;4.19.0&#8243; _module_preset=&#8220;default&#8220; global_colors_info=&#8220;{}&#8220;][\/et_pb_button][\/et_pb_column][\/et_pb_row][\/et_pb_section]<\/p>\n","protected":false},"excerpt":{"rendered":"<p>\u00dcber unsHervorragende Qualit\u00e4t, unschlagbare Preise und ein herausragender Service.Remaches Tudela SL. ist ein produktives Unternehmen in der Herstellung von Befestigungssystemen seit dem Jahr 1982, mit Werken in Spanien und China, die in der Lage sind, die vielf\u00e4ltigsten Anforderungen des Marktes in Bezug auf Qualit\u00e4t, Sortiment und Preis zu erf\u00fcllen. In Navarra (Spanien) betreiben wir ein [&hellip;]<\/p>\n","protected":false},"author":3,"featured_media":0,"parent":0,"menu_order":0,"comment_status":"closed","ping_status":"closed","template":"","meta":{"_acf_changed":false,"_et_pb_use_builder":"on","_et_pb_old_content":"","_et_gb_content_width":"","content-type":"","inline_featured_image":false,"footnotes":""},"class_list":["post-4582","page","type-page","status-publish","hentry"],"acf":[],"_links":{"self":[{"href":"https:\/\/remachestudela.com\/de\/wp-json\/wp\/v2\/pages\/4582","targetHints":{"allow":["GET"]}}],"collection":[{"href":"https:\/\/remachestudela.com\/de\/wp-json\/wp\/v2\/pages"}],"about":[{"href":"https:\/\/remachestudela.com\/de\/wp-json\/wp\/v2\/types\/page"}],"author":[{"embeddable":true,"href":"https:\/\/remachestudela.com\/de\/wp-json\/wp\/v2\/users\/3"}],"replies":[{"embeddable":true,"href":"https:\/\/remachestudela.com\/de\/wp-json\/wp\/v2\/comments?post=4582"}],"version-history":[{"count":7,"href":"https:\/\/remachestudela.com\/de\/wp-json\/wp\/v2\/pages\/4582\/revisions"}],"predecessor-version":[{"id":5227,"href":"https:\/\/remachestudela.com\/de\/wp-json\/wp\/v2\/pages\/4582\/revisions\/5227"}],"wp:attachment":[{"href":"https:\/\/remachestudela.com\/de\/wp-json\/wp\/v2\/media?parent=4582"}],"curies":[{"name":"wp","href":"https:\/\/api.w.org\/{rel}","templated":true}]}}