{"id":4730,"date":"2022-11-03T15:52:23","date_gmt":"2022-11-03T15:52:23","guid":{"rendered":"https:\/\/remachestudela.com\/rechtlicher-hinweis\/"},"modified":"2024-04-26T12:27:36","modified_gmt":"2024-04-26T12:27:36","slug":"rechtlicher-hinweis","status":"publish","type":"page","link":"https:\/\/remachestudela.com\/de\/rechtlicher-hinweis\/","title":{"rendered":"Rechtlicher Hinweis"},"content":{"rendered":"<p>[et_pb_section fb_built=&#8220;1&#8243; _builder_version=&#8220;4.18.0&#8243; custom_padding=&#8220;4px|||||&#8220; animation_style=&#8220;slide&#8220; animation_direction=&#8220;bottom&#8220; global_colors_info=&#8220;{}&#8220;][et_pb_row _builder_version=&#8220;4.18.0&#8243; background_size=&#8220;initial&#8220; background_position=&#8220;top_left&#8220; background_repeat=&#8220;repeat&#8220; max_width=&#8220;80%&#8220; global_colors_info=&#8220;{}&#8220;][et_pb_column type=&#8220;4_4&#8243; _builder_version=&#8220;4.16&#8243; custom_padding=&#8220;|||&#8220; global_colors_info=&#8220;{}&#8220; custom_padding__hover=&#8220;|||&#8220;][et_pb_text _builder_version=&#8220;4.18.0&#8243; _module_preset=&#8220;c3c1179e-80e4-4396-b700-51b845e1c46f&#8220; header_2_font=&#8220;Maven Pro|800|||||||&#8220; header_2_text_align=&#8220;center&#8220; header_2_text_color=&#8220;#263238&#8243; header_2_font_size=&#8220;60px&#8220; header_2_letter_spacing=&#8220;1px&#8220; header_2_line_height=&#8220;1.2em&#8220; custom_margin=&#8220;||10px||false|false&#8220; header_2_font_size_tablet=&#8220;40px&#8220; header_2_font_size_phone=&#8220;&#8220; header_2_font_size_last_edited=&#8220;on|tablet&#8220; locked=&#8220;off&#8220; global_colors_info=&#8220;{}&#8220;]<\/p>\n<h2>Rechtlicher Hinweis<\/h2>\n<p>[\/et_pb_text][et_pb_text _builder_version=&#8220;4.20.2&#8243; text_font_size=&#8220;18px&#8220; text_line_height=&#8220;1.8em&#8220; background_size=&#8220;initial&#8220; background_position=&#8220;top_left&#8220; background_repeat=&#8220;repeat&#8220; hover_enabled=&#8220;0&#8243; text_font_size_tablet=&#8220;15px&#8220; text_font_size_phone=&#8220;15px&#8220; text_font_size_last_edited=&#8220;on|phone&#8220; text_line_height_tablet=&#8220;1.5em&#8220; text_line_height_phone=&#8220;1.5em&#8220; text_line_height_last_edited=&#8220;on|tablet&#8220; global_colors_info=&#8220;{}&#8220; sticky_enabled=&#8220;0&#8243;]<\/p>\n<p><strong><span>REMACHES TUDELA, SL<\/span><\/strong><span>\u00a0, verantwortlich f\u00fcr die Website, im Folgenden VERANTWORTLICH, stellt den Benutzern dieses Dokument zur Verf\u00fcgung, mit dem sie den im Gesetz 34\/2002 vom 11. Juli \u00fcber Gemeinschaftsdienste, Informationsgesellschaft und elektronischen Handel festgelegten Verpflichtungen nachkommen will (LSSICE), BOE Nr. 166, sowie Information aller Nutzer der Website \u00fcber die Nutzungsbedingungen.<\/span><\/p>\n<p><span>Jede Person, die auf diese Website zugreift, \u00fcbernimmt die Rolle des Benutzers und verpflichtet sich zur strikten Einhaltung und Einhaltung der hier aufgef\u00fchrten Bestimmungen sowie aller anderen m\u00f6glicherweise anwendbaren Rechtsnaturen.<\/span><\/p>\n<p><span>REMACHES TUDELA, SL beh\u00e4lt sich das Recht vor, jegliche Art von Informationen, die auf der Website erscheinen, zu \u00e4ndern, ohne dass eine Verpflichtung besteht, die Benutzer \u00fcber diese Verpflichtungen zu informieren, wobei die Ver\u00f6ffentlichung auf der REMACHES-Website als ausreichend angesehen wird.<\/span><\/p>\n<p>&nbsp;<\/p>\n<p><strong><span>1. IDENTIFIZIERUNGSDATEN<\/span><\/strong><\/p>\n<p><span>Firmenname: REMACHES TUDELA, SL NIF: B71052435<\/span><\/p>\n<p><span>Adresse: Las Labradas Industrial Estate Calle Cantarbia, Naves 14.8 und 14.9 \u2013 31500 Tudela (Navarra) Postanschrift: Postfach 31 \u2013 31500 Tudela (Navarra)<\/span><\/p>\n<p><span>Telefon: 948827121<\/span><\/p>\n<p><span>E-Mail:\u00a0<\/span><a href=\"mailto:info@remachestudela.com\"><span>info@remachestudela.com<\/span><\/a><\/p>\n<p><span>Eingetragen im Mercantile of Navarra, Band 1544, Folio 1, Abschnitt 8, Blatt NA-30667<\/span><\/p>\n<p>&nbsp;<\/p>\n<p><strong><span>2. SCHUTZ PERSONENBEZOGENER DATEN<\/span><\/strong><\/p>\n<p><span>Der VERANTWORTLICHE legt gro\u00dfen Wert auf die Einhaltung der geltenden Vorschriften zum Schutz personenbezogener Daten und garantiert die vollst\u00e4ndige Einhaltung der darin festgelegten Verpflichtungen sowie die Umsetzung der erforderlichen Sicherheitsma\u00dfnahmen.<\/span><\/p>\n<p><span>Weitere Informationen zur Verarbeitung personenbezogener Daten finden Sie in unserer\u00a0<\/span><b><a href=\"https:\/\/remachestudela.com\/politica-privacidad\"><span>Datenschutzerkl\u00e4rung<\/span><\/a><span>\u00a0.<\/span><\/b><\/p>\n<p>&nbsp;<\/p>\n<p><strong><span>3. VERWENDUNG VON COOKIES<\/span><\/strong><\/p>\n<p><span>Diese Website verwendet m\u00f6glicherweise Cookies und andere \u00e4hnliche Technologien wie Local Shared Objects, Flash-Cookies oder Pixel. Hierbei handelt es sich um kleine Dateien, die einige Plattformen, beispielsweise Webseiten, auf dem Computer des Benutzers (Computer, Tablet, Smartphone usw.) installieren k\u00f6nnen. ).<\/span><\/p>\n<p><span>Seine Funktionen k\u00f6nnen sehr unterschiedlich sein: Browsing-Einstellungen speichern, statistische Informationen sammeln, bestimmte technische Funktionen erm\u00f6glichen, Informationen \u00fcber die Surfgewohnheiten des Benutzers oder seiner Ausr\u00fcstung speichern usw.<\/span><\/p>\n<p><span>Der Benutzer hat die M\u00f6glichkeit, seinen Browser so zu konfigurieren, dass er beim Empfang von Cookies benachrichtigt wird und deren Installation auf seinem Computer verhindert. Weitere Informationen finden Sie in den Anweisungen Ihres Browsers.<\/span><\/p>\n<p><span>Weitere Informationen zu Cookies finden Sie in unserer\u00a0<\/span><b><a href=\"https:\/\/remachestudela.com\/politica-de-cookies\/\"><span>Cookie-Richtlinie<\/span><\/a><span>\u00a0.<\/span><\/b><\/p>\n<p>&nbsp;<\/p>\n<p><strong><span>4. GEISTIGE UND GEWERBLICHE EIGENTUMSRECHTE<\/span><\/strong><\/p>\n<p><span>Die Website, einschlie\u00dflich, aber nicht beschr\u00e4nkt auf ihre Programmierung, Bearbeitung, Zusammenstellung und andere f\u00fcr ihren Betrieb erforderliche Elemente, die Designs, Logos, Texte und\/oder Grafiken, sind Eigentum des VERANTWORTLICHEN oder verf\u00fcgen gegebenenfalls \u00fcber eine Lizenz oder ausdr\u00fcckliche Genehmigung der Autoren. Alle Inhalte der Website sind ordnungsgem\u00e4\u00df durch die Vorschriften zum geistigen und gewerblichen Eigentum gesch\u00fctzt und in den entsprechenden \u00f6ffentlichen Registern eingetragen.<\/span><\/p>\n<p><span>Unabh\u00e4ngig vom Zweck, f\u00fcr den sie bestimmt waren, bedarf die vollst\u00e4ndige oder teilweise Vervielf\u00e4ltigung, Nutzung, Verwertung, Verbreitung und Vermarktung in jedem Fall der vorherigen schriftlichen Genehmigung des VERANTWORTLICHEN. Jede nicht zuvor genehmigte Nutzung gilt als schwerwiegende Verletzung der geistigen oder gewerblichen Eigentumsrechte des Autors.<\/span><\/p>\n<p><span>Die Designs, Logos, Texte und\/oder Grafiken, die nicht der VERANTWORTLICHE sind und auf der Website erscheinen k\u00f6nnen, geh\u00f6ren ihren jeweiligen Eigent\u00fcmern und sie sind selbst f\u00fcr etwaige Kontroversen verantwortlich, die in Bezug auf sie entstehen k\u00f6nnen. Der VERANTWORTLICHE erm\u00e4chtigt Dritte ausdr\u00fccklich, direkt zu den spezifischen Inhalten der Website weiterzuleiten und in jedem Fall zur Hauptwebsite remachestudela.com\/ weiterzuleiten.<\/span><\/p>\n<p><span>Der VERANTWORTLICHE erkennt die entsprechenden geistigen und gewerblichen Eigentumsrechte zugunsten ihrer Eigent\u00fcmer an, und ihre blo\u00dfe Erw\u00e4hnung oder ihr Erscheinen auf der Website impliziert nicht das Bestehen von Rechten oder Verantwortung gegen\u00fcber ihnen, noch impliziert dies eine Billigung, F\u00f6rderung oder Empfehlung durch ihn . . Um etwaige Verletzungen von Rechten des geistigen oder gewerblichen Eigentums sowie von Inhalten der Website jeglicher Art zu bemerken, k\u00f6nnen Sie dies per E-Mail an\u00a0<\/span><a href=\"mailto:info@remachestudela.com\"><span>info@remachestudela.com tun.<\/span><\/a><\/p>\n<p>&nbsp;<\/p>\n<p><strong><span>5. VERANTWORTUNG F\u00dcR INHALTE<\/span><\/strong><\/p>\n<p><span>Der VERANTWORTLICHE ist nicht verantwortlich f\u00fcr die Informationen und Inhalte, die beispielsweise in Foren, Chats, Blog-Generatoren, Kommentaren, sozialen Netzwerken oder anderen Mitteln gespeichert werden, die es Dritten erm\u00f6glichen, Inhalte unabh\u00e4ngig auf der Website zu ver\u00f6ffentlichen der Verantwortliche. Allerdings wird es in \u00dcbereinstimmung mit den Bestimmungen der Artikel 11 und 16 des LSSICE allen Benutzern, Beh\u00f6rden und Sicherheitskr\u00e4ften zur Verf\u00fcgung gestellt, die aktiv an der Entfernung oder gegebenenfalls Sperrung aller Inhalte mitwirken, die Auswirkungen haben oder gegen die Inhalte versto\u00dfen k\u00f6nnten nationale oder internationale Gesetzgebung, die Rechte Dritter oder die guten Sitten und die \u00f6ffentliche Ordnung. Wenn der Benutzer der Meinung ist, dass es auf der Website Inhalte gibt, die f\u00fcr diese Klassifizierung anf\u00e4llig sein k\u00f6nnten, benachrichtigen Sie bitte unverz\u00fcglich den VERANTWORTLICHEN.<\/span><\/p>\n<p><span>Der VERANTWORTLICHE beh\u00e4lt sich das Recht vor, ohne vorherige Ank\u00fcndigung \u00c4nderungen an der Website vorzunehmen, um seine Informationen auf dem neuesten Stand zu halten, den ver\u00f6ffentlichten Inhalt oder das Design des Portals hinzuzuf\u00fcgen, zu \u00e4ndern, zu korrigieren oder zu entfernen.<\/span><\/p>\n<p><span>Der VERANTWORTLICHE \u00fcbernimmt keine Verantwortung f\u00fcr die Nutzung der auf dem Portal ver\u00f6ffentlichten Informationen durch Dritte und auch nicht f\u00fcr erlittene Sch\u00e4den oder wirtschaftliche Verluste, die direkt oder indirekt zu wirtschaftlichen, materiellen oder datenbezogenen Sch\u00e4den f\u00fchren oder f\u00fchren k\u00f6nnen, die durch die Nutzung verursacht werden solcher Informationen.<\/span><\/p>\n<p>&nbsp;<\/p>\n<p><strong><span>6. LINK-RICHTLINIE<\/span><\/strong><\/p>\n<p><span>Von der Website aus werden Sie m\u00f6glicherweise zu Inhalten auf Websites Dritter weitergeleitet. Da der VERANTWORTLICHE die von Dritten auf ihren jeweiligen Websites eingestellten Inhalte nicht immer kontrollieren kann, \u00fcbernimmt er keinerlei Verantwortung f\u00fcr diese Inhalte. In jedem Fall wird es die sofortige Entfernung aller Inhalte veranlassen, die gegen nationale oder internationale Gesetze, die guten Sitten oder die \u00f6ffentliche Ordnung versto\u00dfen k\u00f6nnten, sowie die sofortige Entfernung der Weiterleitung auf die besagte Website und die \u00dcbermittlung der Inhalte an die zust\u00e4ndigen Beh\u00f6rden. fraglich.<\/span><\/p>\n<p>&nbsp;<\/p>\n<p><strong><span>7. HAFTUNGSAUSSCHLUSS<\/span><\/strong><\/p>\n<p><span>Der VERANTWORTLICHE ist von jeglicher Verantwortung befreit, die sich aus den auf seiner Website ver\u00f6ffentlichten Informationen ergibt, wenn diese Informationen von Dritten, die nichts mit ihm zu tun haben, manipuliert oder eingef\u00fchrt wurden.<\/span><\/p>\n<p>&nbsp;<\/p>\n<p><strong><span>8. IP-ADRESSEN<\/span><\/strong><\/p>\n<p><span>Die Website-Server erkennen m\u00f6glicherweise automatisch die vom Benutzer verwendete IP-Adresse und den Dom\u00e4nennamen. Eine IP-Adresse ist eine Nummer, die einem Computer automatisch zugewiesen wird, wenn er eine Verbindung zum Internet herstellt. Alle diese Informationen werden in einer Serveraktivit\u00e4tsdatei aufgezeichnet, die die anschlie\u00dfende Verarbeitung der Daten erm\u00f6glicht, um nur statistische Messungen zu erhalten, die es erm\u00f6glichen, die Anzahl der Seitenaufrufe, die Anzahl der Besuche auf den Webservern, die Reihenfolge der Besuche usw. zu ermitteln Zugangspunkt usw.<\/span><\/p>\n<p>&nbsp;<\/p>\n<p><strong><span>9. ANWENDBARES RECHT UND GERICHTSSTAND<\/span><\/strong><\/p>\n<p><span>Das anwendbare Recht im Falle einer Streitigkeit oder eines Konflikts bei der Auslegung der in diesem rechtlichen Hinweis enthaltenen Bedingungen sowie aller Fragen im Zusammenhang mit den Diensten dieses Portals ist spanisches Recht.<\/span><\/p>\n<p><span>Alle Streitigkeiten, die zwischen dem VERANTWORTLICHEN und den Nutzern der Website entstehen k\u00f6nnen, werden unter ausdr\u00fccklichem Verzicht der Parteien auf ihre eigene Zust\u00e4ndigkeit von den Gerichten und Gerichtsh\u00f6fen entschieden, die Tudela am n\u00e4chsten liegen.<\/span><\/p>\n<p><span>Wenn der Benutzer ein Verbraucher ist, ber\u00fchrt diese Klausel nicht die Rechte, die im Allgemeinen Gesetz zum Schutz von Verbrauchern und Benutzern als solche anerkannt sind.<\/span><\/p>\n<p>&nbsp;<\/p>\n<p><!-- \/divi:paragraph --><\/p>\n<p>[\/et_pb_text][\/et_pb_column][\/et_pb_row][\/et_pb_section]<\/p>\n","protected":false},"excerpt":{"rendered":"<p>Rechtlicher HinweisREMACHES TUDELA, SL\u00a0, verantwortlich f\u00fcr die Website, im Folgenden VERANTWORTLICH, stellt den Benutzern dieses Dokument zur Verf\u00fcgung, mit dem sie den im Gesetz 34\/2002 vom 11. Juli \u00fcber Gemeinschaftsdienste, Informationsgesellschaft und elektronischen Handel festgelegten Verpflichtungen nachkommen will (LSSICE), BOE Nr. 166, sowie Information aller Nutzer der Website \u00fcber die Nutzungsbedingungen. Jede Person, die auf [&hellip;]<\/p>\n","protected":false},"author":3,"featured_media":0,"parent":0,"menu_order":0,"comment_status":"closed","ping_status":"open","template":"","meta":{"_acf_changed":false,"_et_pb_use_builder":"on","_et_pb_old_content":"","_et_gb_content_width":"","content-type":"","inline_featured_image":false,"footnotes":""},"class_list":["post-4730","page","type-page","status-publish","hentry"],"acf":[],"_links":{"self":[{"href":"https:\/\/remachestudela.com\/de\/wp-json\/wp\/v2\/pages\/4730","targetHints":{"allow":["GET"]}}],"collection":[{"href":"https:\/\/remachestudela.com\/de\/wp-json\/wp\/v2\/pages"}],"about":[{"href":"https:\/\/remachestudela.com\/de\/wp-json\/wp\/v2\/types\/page"}],"author":[{"embeddable":true,"href":"https:\/\/remachestudela.com\/de\/wp-json\/wp\/v2\/users\/3"}],"replies":[{"embeddable":true,"href":"https:\/\/remachestudela.com\/de\/wp-json\/wp\/v2\/comments?post=4730"}],"version-history":[{"count":3,"href":"https:\/\/remachestudela.com\/de\/wp-json\/wp\/v2\/pages\/4730\/revisions"}],"predecessor-version":[{"id":6538,"href":"https:\/\/remachestudela.com\/de\/wp-json\/wp\/v2\/pages\/4730\/revisions\/6538"}],"wp:attachment":[{"href":"https:\/\/remachestudela.com\/de\/wp-json\/wp\/v2\/media?parent=4730"}],"curies":[{"name":"wp","href":"https:\/\/api.w.org\/{rel}","templated":true}]}}