{"id":4733,"date":"2022-11-30T14:15:07","date_gmt":"2022-11-30T14:15:07","guid":{"rendered":"https:\/\/remachestudela.com\/qualitaet\/"},"modified":"2025-08-06T11:20:18","modified_gmt":"2025-08-06T11:20:18","slug":"qualitaet","status":"publish","type":"page","link":"https:\/\/remachestudela.com\/de\/qualitaet\/","title":{"rendered":"Qualit\u00e4t"},"content":{"rendered":"<p>[et_pb_section fb_built=&#8220;1&#8243; custom_padding_last_edited=&#8220;on|tablet&#8220; admin_label=&#8220;Categories&#8220; _builder_version=&#8220;4.18.0&#8243; _module_preset=&#8220;default&#8220; background_color=&#8220;#FFFFFF&#8220; custom_margin=&#8220;0px||||false|false&#8220; custom_margin_tablet=&#8220;||||false|false&#8220; custom_margin_phone=&#8220;||||false|false&#8220; custom_margin_last_edited=&#8220;on|phone&#8220; custom_padding=&#8220;40px||||false|false&#8220; custom_padding_tablet=&#8220;0px||||false|false&#8220; custom_padding_phone=&#8220;0px||20px||false|false&#8220; animation_style=&#8220;slide&#8220; animation_direction=&#8220;bottom&#8220; global_colors_info=&#8220;{}&#8220;][et_pb_row column_structure=&#8220;1_2,1_2&#8243; make_equal=&#8220;on&#8220; _builder_version=&#8220;4.19.0&#8243; _module_preset=&#8220;default&#8220; custom_padding=&#8220;||0px||false|false&#8220; global_colors_info=&#8220;{}&#8220;][et_pb_column type=&#8220;1_2&#8243; _builder_version=&#8220;4.18.0&#8243; _module_preset=&#8220;default&#8220; custom_css_main_element=&#8220;margin: auto;&#8220; global_colors_info=&#8220;{}&#8220;][et_pb_image src=&#8220;https:\/\/remachestudela.com\/wp-content\/uploads\/2022\/11\/remaches-lacados-1024&#215;768.webp&#8220; title_text=&#8220;Nieten-Lackierung&#8220; align_tablet=&#8220;center&#8220; align_phone=&#8220;center&#8220; align_last_edited=&#8220;on|tablet&#8220; disabled_on=&#8220;on|on|off&#8220; _builder_version=&#8220;4.19.0&#8243; _module_preset=&#8220;default&#8220; width_tablet=&#8220;75%&#8220; width_phone=&#8220;60%&#8220; width_last_edited=&#8220;on|phone&#8220; custom_margin_tablet=&#8220;||23px||false|false&#8220; custom_margin_phone=&#8220;||23px||false|false&#8220; custom_margin_last_edited=&#8220;on|tablet&#8220; global_colors_info=&#8220;{}&#8220;][\/et_pb_image][\/et_pb_column][et_pb_column type=&#8220;1_2&#8243; _builder_version=&#8220;4.19.0&#8243; _module_preset=&#8220;default&#8220; custom_padding=&#8220;||||false|false&#8220; custom_padding_tablet=&#8220;0%||||false|false&#8220; custom_padding_phone=&#8220;&#8220; custom_padding_last_edited=&#8220;on|desktop&#8220; custom_css_main_element=&#8220;margin: auto;&#8220; global_colors_info=&#8220;{}&#8220;][et_pb_text _builder_version=&#8220;4.19.0&#8243; _module_preset=&#8220;c3c1179e-80e4-4396-b700-51b845e1c46f&#8220; header_2_font=&#8220;Maven Pro|800|||||||&#8220; header_2_text_color=&#8220;#263238&#8243; header_2_font_size=&#8220;60px&#8220; header_2_letter_spacing=&#8220;1px&#8220; header_2_line_height=&#8220;0.9em&#8220; custom_margin=&#8220;||10px||false|false&#8220; header_2_text_align_tablet=&#8220;center&#8220; header_2_text_align_phone=&#8220;center&#8220; header_2_text_align_last_edited=&#8220;on|tablet&#8220; header_2_font_size_tablet=&#8220;40px&#8220; header_2_font_size_phone=&#8220;35px&#8220; header_2_font_size_last_edited=&#8220;on|phone&#8220; header_2_line_height_tablet=&#8220;0.9em&#8220; header_2_line_height_phone=&#8220;0.9em&#8220; header_2_line_height_last_edited=&#8220;on|desktop&#8220; locked=&#8220;off&#8220; global_colors_info=&#8220;{}&#8220;]<\/p>\n<h2>Qualit\u00e4tszertifikate<\/h2>\n<p>[\/et_pb_text][et_pb_text _builder_version=&#8220;4.19.0&#8243; _module_preset=&#8220;2e1ca0a8-a515-4ca3-8814-65eea4b82393&#8243; text_font=&#8220;Maven Pro||||||||&#8220; text_text_color=&#8220;#263238&#8243; text_font_size=&#8220;16px&#8220; text_line_height=&#8220;1.4em&#8220; locked=&#8220;off&#8220; global_colors_info=&#8220;{}&#8220;]<\/p>\n<p>Wir k\u00f6nnen Zertifikate nach den g\u00e4ngigsten Normen f\u00fcr Rohstoffe, Oberfl\u00e4chenbehandlungen, Leistungsmessungen und andere Arten von Produkten ausstellen.<\/p>\n<p>[\/et_pb_text][et_pb_text _builder_version=&#8220;4.27.4&#8243; _module_preset=&#8220;c3c1179e-80e4-4396-b700-51b845e1c46f&#8220; header_2_font=&#8220;Maven Pro|800|||||||&#8220; header_2_text_color=&#8220;#263238&#8243; header_2_font_size=&#8220;60px&#8220; header_2_letter_spacing=&#8220;1px&#8220; header_2_line_height=&#8220;0.9em&#8220; custom_margin=&#8220;||10px||false|false&#8220; header_2_text_align_tablet=&#8220;center&#8220; header_2_text_align_phone=&#8220;center&#8220; header_2_text_align_last_edited=&#8220;on|tablet&#8220; header_2_font_size_tablet=&#8220;40px&#8220; header_2_font_size_phone=&#8220;35px&#8220; header_2_font_size_last_edited=&#8220;on|phone&#8220; header_2_line_height_tablet=&#8220;0.9em&#8220; header_2_line_height_phone=&#8220;0.9em&#8220; header_2_line_height_last_edited=&#8220;on|desktop&#8220; locked=&#8220;off&#8220; global_colors_info=&#8220;{}&#8220;]<\/p>\n<h3>Qualit\u00e4ts- und Umweltpolitik<\/h3>\n<p>[\/et_pb_text][et_pb_text _builder_version=&#8220;4.27.4&#8243; _module_preset=&#8220;2e1ca0a8-a515-4ca3-8814-65eea4b82393&#8243; text_font=&#8220;Maven Pro||||||||&#8220; text_text_color=&#8220;#0C71C3&#8243; text_font_size=&#8220;16px&#8220; text_line_height=&#8220;1.4em&#8220; link_option_url=&#8220;https:\/\/remachestudela.com\/wp-content\/uploads\/2025\/05\/Comunicado-medioambiental-2025_.pdf&#8220; link_option_url_new_window=&#8220;on&#8220; locked=&#8220;off&#8220; global_colors_info=&#8220;{}&#8220;]<\/p>\n<ul>\n<li>Leistungsbericht \u2013 Umweltziele 2025.<\/li>\n<\/ul>\n<p>[\/et_pb_text][et_pb_text _builder_version=&#8220;4.27.4&#8243; _module_preset=&#8220;2e1ca0a8-a515-4ca3-8814-65eea4b82393&#8243; text_font=&#8220;Maven Pro||||||||&#8220; text_text_color=&#8220;#0C71C3&#8243; text_font_size=&#8220;16px&#8220; text_line_height=&#8220;1.4em&#8220; custom_margin=&#8220;-30px||||false|false&#8220; link_option_url=&#8220;https:\/\/remachestudela.com\/wp-content\/uploads\/2025\/02\/POLITICA-DE-CALIDAD-Y-MEDIO-AMBIENTE.pdf&#8220; link_option_url_new_window=&#8220;on&#8220; locked=&#8220;off&#8220; global_colors_info=&#8220;{}&#8220;]<\/p>\n<ul>\n<li>Qualit\u00e4ts- und Umweltpolitik.<\/li>\n<\/ul>\n<p>[\/et_pb_text][\/et_pb_column][\/et_pb_row][\/et_pb_section][et_pb_section fb_built=&#8220;1&#8243; custom_padding_last_edited=&#8220;on|phone&#8220; admin_label=&#8220;Categories&#8220; _builder_version=&#8220;4.19.0&#8243; _module_preset=&#8220;default&#8220; background_color=&#8220;#FFFFFF&#8220; custom_margin=&#8220;0px||||false|false&#8220; custom_margin_phone=&#8220;0px||||false|false&#8220; custom_margin_last_edited=&#8220;off|phone&#8220; custom_padding=&#8220;2px||||false|false&#8220; custom_padding_tablet=&#8220;0px||||false|false&#8220; custom_padding_phone=&#8220;30px||20px||false|false&#8220; animation_style=&#8220;slide&#8220; animation_direction=&#8220;bottom&#8220; global_colors_info=&#8220;{}&#8220;][et_pb_row column_structure=&#8220;3_5,2_5&#8243; make_equal=&#8220;on&#8220; _builder_version=&#8220;4.19.0&#8243; _module_preset=&#8220;default&#8220; custom_padding=&#8220;||0px||false|false&#8220; global_colors_info=&#8220;{}&#8220;][et_pb_column type=&#8220;3_5&#8243; _builder_version=&#8220;4.18.0&#8243; _module_preset=&#8220;default&#8220; custom_css_main_element=&#8220;margin: auto;&#8220; global_colors_info=&#8220;{}&#8220;][et_pb_text _builder_version=&#8220;4.19.0&#8243; _module_preset=&#8220;9471635f-4d55-44f4-9c8c-d8b240ab9aca&#8220; header_font=&#8220;||||||||&#8220; header_3_font=&#8220;Maven Pro|800|||||||&#8220; header_3_text_color=&#8220;#263238&#8243; header_3_font_size=&#8220;24px&#8220; header_3_line_height=&#8220;1.4em&#8220; custom_margin=&#8220;||0px||false|false&#8220; header_3_text_align_tablet=&#8220;center&#8220; header_3_text_align_phone=&#8220;center&#8220; header_3_text_align_last_edited=&#8220;on|tablet&#8220; header_3_font_size_tablet=&#8220;20px&#8220; header_3_font_size_phone=&#8220;16px&#8220; header_3_font_size_last_edited=&#8220;on|desktop&#8220; locked=&#8220;off&#8220; global_colors_info=&#8220;{}&#8220;]<\/p>\n<h3>Liste der Zertifikate<\/h3>\n<p>[\/et_pb_text][et_pb_text _builder_version=&#8220;4.19.0&#8243; _module_preset=&#8220;2e1ca0a8-a515-4ca3-8814-65eea4b82393&#8243; text_font=&#8220;Maven Pro||||||||&#8220; text_text_color=&#8220;#263238&#8243; text_font_size=&#8220;16px&#8220; text_line_height=&#8220;1.4em&#8220; locked=&#8220;off&#8220; global_colors_info=&#8220;{}&#8220;]<\/p>\n<ul>\n<li>IATF 16949:2016<\/li>\n<li>ISO 14001:2015<\/li>\n<li>EN ISO 9001:2015<\/li>\n<li>ROHS 2001\/65\/ EU<\/li>\n<li>REACH 67\/548\/ Cee und CEE 1907\/2006<\/li>\n<li>2.1 EN 1024\/2004<\/li>\n<li>Zertifizierung 3.1 (auf Anfrage)<\/li>\n<li>Materialzertifizierung (auf Anfrage)<\/li>\n<li>Zertifizierung der Oberfl\u00e4chenbehandlung (auf Anfrage)<\/li>\n<li>PPAP Level III (Auf Anfrage)<\/li>\n<li>IMDS (auf Anfrage)<\/li>\n<\/ul>\n<p>[\/et_pb_text][\/et_pb_column][et_pb_column type=&#8220;2_5&#8243; _builder_version=&#8220;4.18.0&#8243; _module_preset=&#8220;default&#8220; custom_css_main_element=&#8220;margin: auto;&#8220; global_colors_info=&#8220;{}&#8220;]<\/p>\n<p>[et_pb_gallery gallery_ids=&#8220;1775,1776,1782,1781,1779&#8243; fullwidth=&#8220;on&#8220; _builder_version=&#8220;4.19.0&#8243; _module_preset=&#8220;default&#8220; width_tablet=&#8220;55%&#8220; width_phone=&#8220;85%&#8220; width_last_edited=&#8220;on|phone&#8220; auto=&#8220;on&#8220; module_alignment_tablet=&#8220;center&#8220; module_alignment_phone=&#8220;center&#8220; module_alignment_last_edited=&#8220;on|tablet&#8220; box_shadow_style=&#8220;preset1&#8243; box_shadow_color=&#8220;rgba(0,0,0,0.12)&#8220; global_colors_info=&#8220;{}&#8220;][\/et_pb_gallery]<\/p>\n<p>[\/et_pb_column][\/et_pb_row][\/et_pb_section]<\/p>\n","protected":false},"excerpt":{"rendered":"<p>Qualit\u00e4tszertifikateWir k\u00f6nnen Zertifikate nach den g\u00e4ngigsten Normen f\u00fcr Rohstoffe, Oberfl\u00e4chenbehandlungen, Leistungsmessungen und andere Arten von Produkten ausstellen.Qualit\u00e4ts- und Umweltpolitik Leistungsbericht \u2013 Umweltziele 2025. Qualit\u00e4ts- und Umweltpolitik. Liste der Zertifikate IATF 16949:2016 ISO 14001:2015 EN ISO 9001:2015 ROHS 2001\/65\/ EU REACH 67\/548\/ Cee und CEE 1907\/2006 2.1 EN 1024\/2004 Zertifizierung 3.1 (auf Anfrage) Materialzertifizierung (auf Anfrage) [&hellip;]<\/p>\n","protected":false},"author":3,"featured_media":0,"parent":0,"menu_order":0,"comment_status":"closed","ping_status":"closed","template":"","meta":{"_acf_changed":false,"_et_pb_use_builder":"on","_et_pb_old_content":"","_et_gb_content_width":"","content-type":"","inline_featured_image":false,"footnotes":""},"class_list":["post-4733","page","type-page","status-publish","hentry"],"acf":[],"_links":{"self":[{"href":"https:\/\/remachestudela.com\/de\/wp-json\/wp\/v2\/pages\/4733","targetHints":{"allow":["GET"]}}],"collection":[{"href":"https:\/\/remachestudela.com\/de\/wp-json\/wp\/v2\/pages"}],"about":[{"href":"https:\/\/remachestudela.com\/de\/wp-json\/wp\/v2\/types\/page"}],"author":[{"embeddable":true,"href":"https:\/\/remachestudela.com\/de\/wp-json\/wp\/v2\/users\/3"}],"replies":[{"embeddable":true,"href":"https:\/\/remachestudela.com\/de\/wp-json\/wp\/v2\/comments?post=4733"}],"version-history":[{"count":6,"href":"https:\/\/remachestudela.com\/de\/wp-json\/wp\/v2\/pages\/4733\/revisions"}],"predecessor-version":[{"id":26228,"href":"https:\/\/remachestudela.com\/de\/wp-json\/wp\/v2\/pages\/4733\/revisions\/26228"}],"wp:attachment":[{"href":"https:\/\/remachestudela.com\/de\/wp-json\/wp\/v2\/media?parent=4733"}],"curies":[{"name":"wp","href":"https:\/\/api.w.org\/{rel}","templated":true}]}}