{"id":5185,"date":"2022-11-02T14:09:35","date_gmt":"2022-11-02T14:09:35","guid":{"rendered":"https:\/\/remachestudela.com\/producto\/batteriebetriebene-nietmaschinen-iero-t-0\/"},"modified":"2024-04-10T13:01:18","modified_gmt":"2024-04-10T13:01:18","slug":"batteriebetriebene-nietmaschinen-iero-t-0","status":"publish","type":"product","link":"https:\/\/remachestudela.com\/de\/producto\/batteriebetriebene-nietmaschinen-iero-t-0\/","title":{"rendered":"Batteriebetriebene nietmaschinen IERO T.0"},"content":{"rendered":"<p>[et_pb_section fb_built=&#8220;1&#8243; _builder_version=&#8220;4.18.0&#8243; width_tablet=&#8220;90%&#8220; width_phone=&#8220;90%&#8220; width_last_edited=&#8220;on|tablet&#8220; max_width_tablet=&#8220;90%&#8220; max_width_phone=&#8220;90%&#8220; max_width_last_edited=&#8220;on|tablet&#8220; custom_padding=&#8220;0px||||false|false&#8220; module_alignment_tablet=&#8220;center&#8220; module_alignment_phone=&#8220;center&#8220; module_alignment_last_edited=&#8220;on|tablet&#8220; global_module=&#8220;1249&#8243; saved_tabs=&#8220;all&#8220; global_colors_info=&#8220;{}&#8220;][et_pb_row _builder_version=&#8220;4.18.0&#8243; background_size=&#8220;initial&#8220; background_position=&#8220;top_left&#8220; background_repeat=&#8220;repeat&#8220; width_tablet=&#8220;100%&#8220; width_phone=&#8220;&#8220; width_last_edited=&#8220;on|tablet&#8220; module_alignment=&#8220;center&#8220; custom_padding=&#8220;0px||0px||false|false&#8220; global_colors_info=&#8220;{}&#8220;][et_pb_column type=&#8220;4_4&#8243; _builder_version=&#8220;4.16&#8243; custom_padding=&#8220;|||&#8220; global_colors_info=&#8220;{}&#8220; custom_padding__hover=&#8220;|||&#8220;][et_pb_wc_breadcrumb _builder_version=&#8220;4.16&#8243; global_colors_info=&#8220;{}&#8220;][\/et_pb_wc_breadcrumb][et_pb_wc_cart_notice _builder_version=&#8220;4.18.0&#8243; background_color=&#8220;#e42313&#8243; custom_button=&#8220;on&#8220; button_border_radius=&#8220;30px&#8220; border_radii=&#8220;on|30px|30px|30px|30px&#8220; global_colors_info=&#8220;{}&#8220;][\/et_pb_wc_cart_notice][\/et_pb_column][\/et_pb_row][et_pb_row column_structure=&#8220;2_5,3_5&#8243; _builder_version=&#8220;4.18.0&#8243; background_size=&#8220;initial&#8220; background_position=&#8220;top_left&#8220; background_repeat=&#8220;repeat&#8220; width=&#8220;100%&#8220; width_tablet=&#8220;&#8220; width_phone=&#8220;100%&#8220; width_last_edited=&#8220;on|desktop&#8220; max_width_tablet=&#8220;&#8220; max_width_phone=&#8220;100%&#8220; max_width_last_edited=&#8220;on|tablet&#8220; custom_padding=&#8220;0px||2px||false|false&#8220; global_colors_info=&#8220;{}&#8220;][et_pb_column type=&#8220;2_5&#8243; _builder_version=&#8220;4.16&#8243; custom_padding=&#8220;|||&#8220; global_colors_info=&#8220;{}&#8220; custom_padding__hover=&#8220;|||&#8220;][et_pb_wc_images _builder_version=&#8220;4.18.0&#8243; min_height_tablet=&#8220;20px&#8220; min_height_last_edited=&#8220;off|tablet&#8220; height_last_edited=&#8220;off|tablet&#8220; max_height_tablet=&#8220;400px&#8220; max_height_phone=&#8220;300px&#8220; max_height_last_edited=&#8220;on|phone&#8220; global_colors_info=&#8220;{}&#8220;][\/et_pb_wc_images][\/et_pb_column][et_pb_column type=&#8220;3_5&#8243; _builder_version=&#8220;4.16&#8243; custom_padding=&#8220;|||&#8220; global_colors_info=&#8220;{}&#8220; custom_padding__hover=&#8220;|||&#8220;][et_pb_wc_title _builder_version=&#8220;4.18.0&#8243; header_font=&#8220;Maven Pro|900|||||||&#8220; header_font_size=&#8220;40px&#8220; header_font_size_tablet=&#8220;25px&#8220; header_font_size_phone=&#8220;23px&#8220; header_font_size_last_edited=&#8220;on|phone&#8220; global_colors_info=&#8220;{}&#8220;][\/et_pb_wc_title][et_pb_wc_rating _builder_version=&#8220;4.18.0&#8243; rating_text_color=&#8220;#e42313&#8243; rating_font_size=&#8220;20px&#8220; global_colors_info=&#8220;{}&#8220;][\/et_pb_wc_rating][et_pb_wc_price _builder_version=&#8220;4.18.0&#8243; body_font=&#8220;|800|||||||&#8220; body_text_color=&#8220;#e42313&#8243; body_font_size=&#8220;35px&#8220; body_font_size_tablet=&#8220;30px&#8220; body_font_size_phone=&#8220;30px&#8220; body_font_size_last_edited=&#8220;on|phone&#8220; global_colors_info=&#8220;{}&#8220;][\/et_pb_wc_price][et_pb_wc_description _builder_version=&#8220;4.16&#8243; global_colors_info=&#8220;{}&#8220;][\/et_pb_wc_description][et_pb_wc_add_to_cart _builder_version=&#8220;4.18.0&#8243; custom_button=&#8220;on&#8220; button_text_color=&#8220;#FFFFFF&#8220; button_bg_color=&#8220;#e42313&#8243; button_border_width=&#8220;0px&#8220; button_border_radius=&#8220;30px&#8220; border_radii_fields=&#8220;on|10px|10px|10px|10px&#8220; global_colors_info=&#8220;{}&#8220;][\/et_pb_wc_add_to_cart][et_pb_wc_meta _builder_version=&#8220;4.16&#8243; global_colors_info=&#8220;{}&#8220;][\/et_pb_wc_meta][\/et_pb_column][\/et_pb_row][et_pb_row _builder_version=&#8220;4.18.0&#8243; background_size=&#8220;initial&#8220; background_position=&#8220;top_left&#8220; background_repeat=&#8220;repeat&#8220; width_tablet=&#8220;100%&#8220; width_phone=&#8220;&#8220; width_last_edited=&#8220;on|tablet&#8220; max_width_tablet=&#8220;100%&#8220; max_width_phone=&#8220;&#8220; max_width_last_edited=&#8220;on|tablet&#8220; global_colors_info=&#8220;{}&#8220;][et_pb_column type=&#8220;4_4&#8243; _builder_version=&#8220;4.16&#8243; custom_padding=&#8220;|||&#8220; global_colors_info=&#8220;{}&#8220; custom_padding__hover=&#8220;|||&#8220;][et_pb_wc_tabs _builder_version=&#8220;4.18.0&#8243; tab_font=&#8220;|800|||||||&#8220; border_radii=&#8220;on|30px|30px|30px|30px&#8220; global_colors_info=&#8220;{}&#8220;]\t\t\t\t\t[\/et_pb_wc_tabs][et_pb_wc_upsells show_rating=&#8220;off&#8220; _builder_version=&#8220;4.18.0&#8243; product_title_font_size=&#8220;20px&#8220; price_font=&#8220;|800|||||||&#8220; price_text_color=&#8220;#e42313&#8243; price_font_size=&#8220;30px&#8220; global_colors_info=&#8220;{}&#8220;][\/et_pb_wc_upsells][\/et_pb_column][\/et_pb_row][\/et_pb_section]<\/p>\n","protected":false},"excerpt":{"rendered":"<h3><strong>Nietmaschine Trebulb Plus <\/strong><strong>\u00d85.2mm \u2013 7.8mm<\/strong><\/h3>\n<ul>\n<li><strong>Hub<\/strong> 25mm \/ 0.984&#8242;.<\/li>\n<li><strong>Zugkraft<\/strong> 12.000N<\/li>\n<li><strong>Ladeger\u00e4t<\/strong> 100-240VAC\/50-60Hz\/18VDC\/2,5A max\/0,37 kgs<\/li>\n<li><strong>Batterie<\/strong> 5 cells C 2.0 Ah W 0,36 kg 18V Li-ion<\/li>\n<li><strong>Strom<\/strong> DC motor 18V<\/li>\n<li><strong>Material<\/strong> Stahl\/Aluminium\/Edelstahl<\/li>\n<li><strong>D\u00fcsen<\/strong> Trebulb Plus \u00d85,2 \u00d86,4 \u00d87,8<\/li>\n<li><strong>Kontrollleuchten<\/strong> Batteriekontrollleuchte 3 LED-Leuchten f\u00fcr die Anwendung<\/li>\n<li><strong>Gewicht<\/strong> 2,15kgs<\/li>\n<li><strong>Vorratsbeh\u00e4lter<\/strong> <b>Transparenter<\/b> Auffangbeh\u00e4lter zur Sichtkontrolle<\/li>\n<\/ul>\n<p>Sie umfasst:<\/p>\n<ul>\n<li>2 x Batterien<\/li>\n<li>1 x Schnell-Ladeger\u00e4t<\/li>\n<\/ul>\n","protected":false},"featured_media":4327,"comment_status":"open","ping_status":"closed","template":"","meta":{"_acf_changed":false,"_et_pb_use_builder":"on","_et_pb_old_content":"N\u00fctzlich f\u00fcr\n\n<img class=\"alignnone size-full wp-image-773\" src=\"https:\/\/remachestudela.com\/wp-content\/uploads\/2022\/11\/img_trebulb.jpg\" alt=\"\" width=\"493\" height=\"189\">","_et_gb_content_width":"","content-type":"","inline_featured_image":false},"product_brand":[],"product_cat":[87,89,88],"product_tag":[],"class_list":{"0":"post-5185","1":"product","2":"type-product","3":"status-publish","4":"has-post-thumbnail","6":"product_cat-produkte","7":"product_cat-batterie-de","8":"product_cat-werkzeuge","10":"first","11":"instock","12":"taxable","13":"shipping-taxable","14":"purchasable","15":"product-type-simple"},"acf":[],"_links":{"self":[{"href":"https:\/\/remachestudela.com\/de\/wp-json\/wp\/v2\/product\/5185","targetHints":{"allow":["GET"]}}],"collection":[{"href":"https:\/\/remachestudela.com\/de\/wp-json\/wp\/v2\/product"}],"about":[{"href":"https:\/\/remachestudela.com\/de\/wp-json\/wp\/v2\/types\/product"}],"replies":[{"embeddable":true,"href":"https:\/\/remachestudela.com\/de\/wp-json\/wp\/v2\/comments?post=5185"}],"wp:featuredmedia":[{"embeddable":true,"href":"https:\/\/remachestudela.com\/de\/wp-json\/wp\/v2\/media\/4327"}],"wp:attachment":[{"href":"https:\/\/remachestudela.com\/de\/wp-json\/wp\/v2\/media?parent=5185"}],"wp:term":[{"taxonomy":"product_brand","embeddable":true,"href":"https:\/\/remachestudela.com\/de\/wp-json\/wp\/v2\/product_brand?post=5185"},{"taxonomy":"product_cat","embeddable":true,"href":"https:\/\/remachestudela.com\/de\/wp-json\/wp\/v2\/product_cat?post=5185"},{"taxonomy":"product_tag","embeddable":true,"href":"https:\/\/remachestudela.com\/de\/wp-json\/wp\/v2\/product_tag?post=5185"}],"curies":[{"name":"wp","href":"https:\/\/api.w.org\/{rel}","templated":true}]}}