{"id":2463,"date":"2022-11-02T14:09:35","date_gmt":"2022-11-02T14:09:35","guid":{"rendered":"https:\/\/remachestudela.com\/producto\/remachadora-bateria-iero-t-0\/"},"modified":"2023-08-28T09:17:51","modified_gmt":"2023-08-28T09:17:51","slug":"remachadora-bateria-iero-t-0","status":"publish","type":"product","link":"https:\/\/remachestudela.com\/en\/producto\/remachadora-bateria-iero-t-0\/","title":{"rendered":"Riveting battery tools IERO T.0"},"content":{"rendered":"<p>[et_pb_section fb_built=&#8221;1&#8243; _builder_version=&#8221;4.18.0&#8243; width_tablet=&#8221;90%&#8221; width_phone=&#8221;90%&#8221; width_last_edited=&#8221;on|tablet&#8221; max_width_tablet=&#8221;90%&#8221; max_width_phone=&#8221;90%&#8221; max_width_last_edited=&#8221;on|tablet&#8221; custom_padding=&#8221;0px||||false|false&#8221; module_alignment_tablet=&#8221;center&#8221; module_alignment_phone=&#8221;center&#8221; module_alignment_last_edited=&#8221;on|tablet&#8221; global_module=&#8221;1249&#8243; saved_tabs=&#8221;all&#8221; global_colors_info=&#8221;{}&#8221;][et_pb_row _builder_version=&#8221;4.18.0&#8243; background_size=&#8221;initial&#8221; background_position=&#8221;top_left&#8221; background_repeat=&#8221;repeat&#8221; width_tablet=&#8221;100%&#8221; width_phone=&#8221;&#8221; width_last_edited=&#8221;on|tablet&#8221; module_alignment=&#8221;center&#8221; custom_padding=&#8221;0px||0px||false|false&#8221; global_colors_info=&#8221;{}&#8221;][et_pb_column type=&#8221;4_4&#8243; _builder_version=&#8221;4.16&#8243; custom_padding=&#8221;|||&#8221; global_colors_info=&#8221;{}&#8221; custom_padding__hover=&#8221;|||&#8221;][et_pb_wc_breadcrumb _builder_version=&#8221;4.16&#8243; global_colors_info=&#8221;{}&#8221;][\/et_pb_wc_breadcrumb][et_pb_wc_cart_notice _builder_version=&#8221;4.18.0&#8243; background_color=&#8221;#e42313&#8243; custom_button=&#8221;on&#8221; button_border_radius=&#8221;30px&#8221; border_radii=&#8221;on|30px|30px|30px|30px&#8221; global_colors_info=&#8221;{}&#8221;][\/et_pb_wc_cart_notice][\/et_pb_column][\/et_pb_row][et_pb_row column_structure=&#8221;2_5,3_5&#8243; _builder_version=&#8221;4.18.0&#8243; background_size=&#8221;initial&#8221; background_position=&#8221;top_left&#8221; background_repeat=&#8221;repeat&#8221; width=&#8221;100%&#8221; width_tablet=&#8221;&#8221; width_phone=&#8221;100%&#8221; width_last_edited=&#8221;on|desktop&#8221; max_width_tablet=&#8221;&#8221; max_width_phone=&#8221;100%&#8221; max_width_last_edited=&#8221;on|tablet&#8221; custom_padding=&#8221;0px||2px||false|false&#8221; global_colors_info=&#8221;{}&#8221;][et_pb_column type=&#8221;2_5&#8243; _builder_version=&#8221;4.16&#8243; custom_padding=&#8221;|||&#8221; global_colors_info=&#8221;{}&#8221; custom_padding__hover=&#8221;|||&#8221;][et_pb_wc_images _builder_version=&#8221;4.18.0&#8243; min_height_tablet=&#8221;20px&#8221; min_height_last_edited=&#8221;off|tablet&#8221; height_last_edited=&#8221;off|tablet&#8221; max_height_tablet=&#8221;400px&#8221; max_height_phone=&#8221;300px&#8221; max_height_last_edited=&#8221;on|phone&#8221; global_colors_info=&#8221;{}&#8221;][\/et_pb_wc_images][\/et_pb_column][et_pb_column type=&#8221;3_5&#8243; _builder_version=&#8221;4.16&#8243; custom_padding=&#8221;|||&#8221; global_colors_info=&#8221;{}&#8221; custom_padding__hover=&#8221;|||&#8221;][et_pb_wc_title _builder_version=&#8221;4.18.0&#8243; header_font=&#8221;Maven Pro|900|||||||&#8221; header_font_size=&#8221;40px&#8221; header_font_size_tablet=&#8221;25px&#8221; header_font_size_phone=&#8221;23px&#8221; header_font_size_last_edited=&#8221;on|phone&#8221; global_colors_info=&#8221;{}&#8221;][\/et_pb_wc_title][et_pb_wc_rating _builder_version=&#8221;4.18.0&#8243; rating_text_color=&#8221;#e42313&#8243; rating_font_size=&#8221;20px&#8221; global_colors_info=&#8221;{}&#8221;][\/et_pb_wc_rating][et_pb_wc_price _builder_version=&#8221;4.18.0&#8243; body_font=&#8221;|800|||||||&#8221; body_text_color=&#8221;#e42313&#8243; body_font_size=&#8221;35px&#8221; body_font_size_tablet=&#8221;30px&#8221; body_font_size_phone=&#8221;30px&#8221; body_font_size_last_edited=&#8221;on|phone&#8221; global_colors_info=&#8221;{}&#8221;][\/et_pb_wc_price][et_pb_wc_description _builder_version=&#8221;4.16&#8243; global_colors_info=&#8221;{}&#8221;][\/et_pb_wc_description][et_pb_wc_add_to_cart _builder_version=&#8221;4.18.0&#8243; custom_button=&#8221;on&#8221; button_text_color=&#8221;#FFFFFF&#8221; button_bg_color=&#8221;#e42313&#8243; button_border_width=&#8221;0px&#8221; button_border_radius=&#8221;30px&#8221; border_radii_fields=&#8221;on|10px|10px|10px|10px&#8221; global_colors_info=&#8221;{}&#8221;][\/et_pb_wc_add_to_cart][et_pb_wc_meta _builder_version=&#8221;4.16&#8243; global_colors_info=&#8221;{}&#8221;][\/et_pb_wc_meta][\/et_pb_column][\/et_pb_row][et_pb_row _builder_version=&#8221;4.18.0&#8243; background_size=&#8221;initial&#8221; background_position=&#8221;top_left&#8221; background_repeat=&#8221;repeat&#8221; width_tablet=&#8221;100%&#8221; width_phone=&#8221;&#8221; width_last_edited=&#8221;on|tablet&#8221; max_width_tablet=&#8221;100%&#8221; max_width_phone=&#8221;&#8221; max_width_last_edited=&#8221;on|tablet&#8221; global_colors_info=&#8221;{}&#8221;][et_pb_column type=&#8221;4_4&#8243; _builder_version=&#8221;4.16&#8243; custom_padding=&#8221;|||&#8221; global_colors_info=&#8221;{}&#8221; custom_padding__hover=&#8221;|||&#8221;][et_pb_wc_tabs _builder_version=&#8221;4.18.0&#8243; tab_font=&#8221;|800|||||||&#8221; border_radii=&#8221;on|30px|30px|30px|30px&#8221; global_colors_info=&#8221;{}&#8221;]\t\t\t\t\t[\/et_pb_wc_tabs][et_pb_wc_upsells show_rating=&#8221;off&#8221; _builder_version=&#8221;4.18.0&#8243; product_title_font_size=&#8221;20px&#8221; price_font=&#8221;|800|||||||&#8221; price_text_color=&#8221;#e42313&#8243; price_font_size=&#8221;30px&#8221; global_colors_info=&#8221;{}&#8221;][\/et_pb_wc_upsells][\/et_pb_column][\/et_pb_row][\/et_pb_section]<\/p>\n","protected":false},"excerpt":{"rendered":"<h3><strong>Rivet tool for Trebulb Plus <\/strong><strong>\u00d85.2mm \u2013 7.8mm<\/strong><\/h3>\n<ul>\n<li><strong>Stroke<\/strong> 25mm \/ 0.984\u2019<\/li>\n<li><strong>Traction power <\/strong>12.000N<\/li>\n<li><strong>Charger<\/strong> 100-240VAC\/50-60Hz\/18VDC\/2,5A max\/0,37 kgs<\/li>\n<li><strong>Battery<\/strong> 5 cells C 2.0 Ah W 0,36 kg 18V Li-ion<\/li>\n<li><strong>Power<\/strong>DC motor 18V<\/li>\n<li><strong>Material<\/strong> Steel\/ Aluminium\/ Stainless steel<\/li>\n<li><strong>Nozzles<\/strong> Trebulb Plus \u00d85,2 \u00d86,4 \u00d87,8<\/li>\n<li><strong>Indicator lights<\/strong> Battery indicator light 3 LED lights for the application<\/li>\n<li><strong>Weight 2,15kgs<\/strong><\/li>\n<li><strong>Mandrel<\/strong> <b>container<\/b> Transparent collector for visual inspection<\/li>\n<\/ul>\n<p>Includes:<\/p>\n<ul>\n<li>2 x Batteries<\/li>\n<li>1 x Fast Charger<\/li>\n<\/ul>\n","protected":false},"featured_media":2295,"comment_status":"open","ping_status":"closed","template":"","meta":{"_acf_changed":false,"_et_pb_use_builder":"on","_et_pb_old_content":"Used to\n\n<img class=\"alignnone size-full wp-image-773\" src=\"https:\/\/remachestudela.com\/wp-content\/uploads\/2022\/11\/img_trebulb.jpg\" alt=\"\" width=\"493\" height=\"189\">","_et_gb_content_width":"","content-type":"","inline_featured_image":false},"product_brand":[],"product_cat":[52,50,51],"product_tag":[],"class_list":{"0":"post-2463","1":"product","2":"type-product","3":"status-publish","4":"has-post-thumbnail","6":"product_cat-productos-en","7":"product_cat-bateria-en","8":"product_cat-herramientas-en","10":"first","11":"instock","12":"taxable","13":"shipping-taxable","14":"purchasable","15":"product-type-simple"},"acf":[],"_links":{"self":[{"href":"https:\/\/remachestudela.com\/en\/wp-json\/wp\/v2\/product\/2463","targetHints":{"allow":["GET"]}}],"collection":[{"href":"https:\/\/remachestudela.com\/en\/wp-json\/wp\/v2\/product"}],"about":[{"href":"https:\/\/remachestudela.com\/en\/wp-json\/wp\/v2\/types\/product"}],"replies":[{"embeddable":true,"href":"https:\/\/remachestudela.com\/en\/wp-json\/wp\/v2\/comments?post=2463"}],"wp:featuredmedia":[{"embeddable":true,"href":"https:\/\/remachestudela.com\/en\/wp-json\/wp\/v2\/media\/2295"}],"wp:attachment":[{"href":"https:\/\/remachestudela.com\/en\/wp-json\/wp\/v2\/media?parent=2463"}],"wp:term":[{"taxonomy":"product_brand","embeddable":true,"href":"https:\/\/remachestudela.com\/en\/wp-json\/wp\/v2\/product_brand?post=2463"},{"taxonomy":"product_cat","embeddable":true,"href":"https:\/\/remachestudela.com\/en\/wp-json\/wp\/v2\/product_cat?post=2463"},{"taxonomy":"product_tag","embeddable":true,"href":"https:\/\/remachestudela.com\/en\/wp-json\/wp\/v2\/product_tag?post=2463"}],"curies":[{"name":"wp","href":"https:\/\/api.w.org\/{rel}","templated":true}]}}