{"id":6898,"date":"2022-11-30T14:15:07","date_gmt":"2022-11-30T14:15:07","guid":{"rendered":"https:\/\/remachestudela.com\/qualidade\/"},"modified":"2025-08-06T11:21:06","modified_gmt":"2025-08-06T11:21:06","slug":"qualidade","status":"publish","type":"page","link":"https:\/\/remachestudela.com\/pt-pt\/qualidade\/","title":{"rendered":"Qualidade"},"content":{"rendered":"<p>[et_pb_section fb_built=&#8221;1&#8243; custom_padding_last_edited=&#8221;on|tablet&#8221; admin_label=&#8221;Categories&#8221; _builder_version=&#8221;4.18.0&#8243; _module_preset=&#8221;default&#8221; background_color=&#8221;#FFFFFF&#8221; custom_margin=&#8221;0px||||false|false&#8221; custom_margin_tablet=&#8221;||||false|false&#8221; custom_margin_phone=&#8221;||||false|false&#8221; custom_margin_last_edited=&#8221;on|phone&#8221; custom_padding=&#8221;40px||||false|false&#8221; custom_padding_tablet=&#8221;0px||||false|false&#8221; custom_padding_phone=&#8221;0px||20px||false|false&#8221; animation_style=&#8221;slide&#8221; animation_direction=&#8221;bottom&#8221; global_colors_info=&#8221;{}&#8221;][et_pb_row column_structure=&#8221;1_2,1_2&#8243; make_equal=&#8221;on&#8221; _builder_version=&#8221;4.19.0&#8243; _module_preset=&#8221;default&#8221; custom_padding=&#8221;||0px||false|false&#8221; global_colors_info=&#8221;{}&#8221;][et_pb_column type=&#8221;1_2&#8243; _builder_version=&#8221;4.18.0&#8243; _module_preset=&#8221;default&#8221; custom_css_main_element=&#8221;margin: auto;&#8221; global_colors_info=&#8221;{}&#8221;][et_pb_image src=&#8221;https:\/\/remachestudela.com\/wp-content\/uploads\/2022\/11\/remaches-lacados-1024&#215;768.webp&#8221; title_text=&#8221;rebites-lacagem&#8221; align_tablet=&#8221;center&#8221; align_phone=&#8221;center&#8221; align_last_edited=&#8221;on|tablet&#8221; disabled_on=&#8221;on|on|off&#8221; _builder_version=&#8221;4.19.0&#8243; _module_preset=&#8221;default&#8221; width_tablet=&#8221;75%&#8221; width_phone=&#8221;60%&#8221; width_last_edited=&#8221;on|phone&#8221; custom_margin_tablet=&#8221;||23px||false|false&#8221; custom_margin_phone=&#8221;||23px||false|false&#8221; custom_margin_last_edited=&#8221;on|tablet&#8221; global_colors_info=&#8221;{}&#8221;][\/et_pb_image][\/et_pb_column][et_pb_column type=&#8221;1_2&#8243; _builder_version=&#8221;4.19.0&#8243; _module_preset=&#8221;default&#8221; custom_padding=&#8221;||||false|false&#8221; custom_padding_tablet=&#8221;0%||||false|false&#8221; custom_padding_phone=&#8221;&#8221; custom_padding_last_edited=&#8221;on|desktop&#8221; custom_css_main_element=&#8221;margin: auto;&#8221; global_colors_info=&#8221;{}&#8221;][et_pb_text _builder_version=&#8221;4.19.0&#8243; _module_preset=&#8221;c3c1179e-80e4-4396-b700-51b845e1c46f&#8221; header_2_font=&#8221;Maven Pro|800|||||||&#8221; header_2_text_color=&#8221;#263238&#8243; header_2_font_size=&#8221;60px&#8221; header_2_letter_spacing=&#8221;1px&#8221; header_2_line_height=&#8221;0.9em&#8221; custom_margin=&#8221;||10px||false|false&#8221; header_2_text_align_tablet=&#8221;center&#8221; header_2_text_align_phone=&#8221;center&#8221; header_2_text_align_last_edited=&#8221;on|tablet&#8221; header_2_font_size_tablet=&#8221;40px&#8221; header_2_font_size_phone=&#8221;35px&#8221; header_2_font_size_last_edited=&#8221;on|phone&#8221; header_2_line_height_tablet=&#8221;0.9em&#8221; header_2_line_height_phone=&#8221;0.9em&#8221; header_2_line_height_last_edited=&#8221;on|desktop&#8221; locked=&#8221;off&#8221; global_colors_info=&#8221;{}&#8221;]<\/p>\n<h2>Certificados de qualidade<\/h2>\n<p>[\/et_pb_text][et_pb_text _builder_version=&#8221;4.19.0&#8243; _module_preset=&#8221;2e1ca0a8-a515-4ca3-8814-65eea4b82393&#8243; text_font=&#8221;Maven Pro||||||||&#8221; text_text_color=&#8221;#263238&#8243; text_font_size=&#8221;16px&#8221; text_line_height=&#8221;1.4em&#8221; locked=&#8221;off&#8221; global_colors_info=&#8221;{}&#8221;]<\/p>\n<p>Podemos fornecer certificados de acordo com as normas mais comuns para: mat\u00e9ria-prima, tratamentos de superf\u00edcie, medi\u00e7\u00e3o do desempenho do produto e outros tipos.<\/p>\n<p>[\/et_pb_text][et_pb_text _builder_version=&#8221;4.27.4&#8243; _module_preset=&#8221;c3c1179e-80e4-4396-b700-51b845e1c46f&#8221; header_2_font=&#8221;Maven Pro|800|||||||&#8221; header_2_text_color=&#8221;#263238&#8243; header_2_font_size=&#8221;60px&#8221; header_2_letter_spacing=&#8221;1px&#8221; header_2_line_height=&#8221;0.9em&#8221; custom_margin=&#8221;||10px||false|false&#8221; header_2_text_align_tablet=&#8221;center&#8221; header_2_text_align_phone=&#8221;center&#8221; header_2_text_align_last_edited=&#8221;on|tablet&#8221; header_2_font_size_tablet=&#8221;40px&#8221; header_2_font_size_phone=&#8221;35px&#8221; header_2_font_size_last_edited=&#8221;on|phone&#8221; header_2_line_height_tablet=&#8221;0.9em&#8221; header_2_line_height_phone=&#8221;0.9em&#8221; header_2_line_height_last_edited=&#8221;on|desktop&#8221; locked=&#8221;off&#8221; global_colors_info=&#8221;{}&#8221;]<\/p>\n<h3>Qualidade e pol\u00edtica ambiental<\/h3>\n<p>[\/et_pb_text][et_pb_text _builder_version=&#8221;4.27.4&#8243; _module_preset=&#8221;2e1ca0a8-a515-4ca3-8814-65eea4b82393&#8243; text_font=&#8221;Maven Pro||||||||&#8221; text_text_color=&#8221;#0C71C3&#8243; text_font_size=&#8221;16px&#8221; text_line_height=&#8221;1.4em&#8221; link_option_url=&#8221;https:\/\/remachestudela.com\/wp-content\/uploads\/2025\/05\/Comunicado-medioambiental-2025_.pdf&#8221; link_option_url_new_window=&#8221;on&#8221; locked=&#8221;off&#8221; global_colors_info=&#8221;{}&#8221;]<\/p>\n<ul>\n<li>Comunicado de desempenho &#8211; Objetivos Ambientais 2025.<\/li>\n<\/ul>\n<p>[\/et_pb_text][et_pb_text _builder_version=&#8221;4.27.4&#8243; _module_preset=&#8221;2e1ca0a8-a515-4ca3-8814-65eea4b82393&#8243; text_font=&#8221;Maven Pro||||||||&#8221; text_text_color=&#8221;#0C71C3&#8243; text_font_size=&#8221;16px&#8221; text_line_height=&#8221;1.4em&#8221; custom_margin=&#8221;-30px||||false|false&#8221; link_option_url=&#8221;https:\/\/remachestudela.com\/wp-content\/uploads\/2025\/02\/POLITICA-DE-CALIDAD-Y-MEDIO-AMBIENTE.pdf&#8221; link_option_url_new_window=&#8221;on&#8221; locked=&#8221;off&#8221; global_colors_info=&#8221;{}&#8221;]<\/p>\n<ul>\n<li>Pol\u00edtica de qualidade e ambiente.<\/li>\n<\/ul>\n<p>[\/et_pb_text][\/et_pb_column][\/et_pb_row][\/et_pb_section][et_pb_section fb_built=&#8221;1&#8243; custom_padding_last_edited=&#8221;on|phone&#8221; admin_label=&#8221;Categories&#8221; _builder_version=&#8221;4.19.0&#8243; _module_preset=&#8221;default&#8221; background_color=&#8221;#FFFFFF&#8221; custom_margin=&#8221;0px||||false|false&#8221; custom_margin_phone=&#8221;0px||||false|false&#8221; custom_margin_last_edited=&#8221;off|phone&#8221; custom_padding=&#8221;2px||||false|false&#8221; custom_padding_tablet=&#8221;0px||||false|false&#8221; custom_padding_phone=&#8221;30px||20px||false|false&#8221; animation_style=&#8221;slide&#8221; animation_direction=&#8221;bottom&#8221; global_colors_info=&#8221;{}&#8221;][et_pb_row column_structure=&#8221;3_5,2_5&#8243; make_equal=&#8221;on&#8221; _builder_version=&#8221;4.19.0&#8243; _module_preset=&#8221;default&#8221; custom_padding=&#8221;||0px||false|false&#8221; global_colors_info=&#8221;{}&#8221;][et_pb_column type=&#8221;3_5&#8243; _builder_version=&#8221;4.18.0&#8243; _module_preset=&#8221;default&#8221; custom_css_main_element=&#8221;margin: auto;&#8221; global_colors_info=&#8221;{}&#8221;][et_pb_text _builder_version=&#8221;4.19.0&#8243; _module_preset=&#8221;9471635f-4d55-44f4-9c8c-d8b240ab9aca&#8221; header_font=&#8221;||||||||&#8221; header_3_font=&#8221;Maven Pro|800|||||||&#8221; header_3_text_color=&#8221;#263238&#8243; header_3_font_size=&#8221;24px&#8221; header_3_line_height=&#8221;1.4em&#8221; custom_margin=&#8221;||0px||false|false&#8221; header_3_text_align_tablet=&#8221;center&#8221; header_3_text_align_phone=&#8221;center&#8221; header_3_text_align_last_edited=&#8221;on|tablet&#8221; header_3_font_size_tablet=&#8221;20px&#8221; header_3_font_size_phone=&#8221;16px&#8221; header_3_font_size_last_edited=&#8221;on|desktop&#8221; locked=&#8221;off&#8221; global_colors_info=&#8221;{}&#8221;]<\/p>\n<h3>Lista de certificados<\/h3>\n<p>[\/et_pb_text][et_pb_text _builder_version=&#8221;4.19.0&#8243; _module_preset=&#8221;2e1ca0a8-a515-4ca3-8814-65eea4b82393&#8243; text_font=&#8221;Maven Pro||||||||&#8221; text_text_color=&#8221;#263238&#8243; text_font_size=&#8221;16px&#8221; text_line_height=&#8221;1.4em&#8221; locked=&#8221;off&#8221; global_colors_info=&#8221;{}&#8221;]<\/p>\n<ul>\n<li>IATF 16949:2016<\/li>\n<li>ISO 14001:2015<\/li>\n<li>EN ISO 9001:2015<\/li>\n<li>ROHS 2001\/65\/ UE<\/li>\n<li>REACH 67\/548\/ Cee e CEE 1907\/2006<\/li>\n<li>2.1 EN 1024\/2004<\/li>\n<li>Certifica\u00e7\u00e3o 3.1 (A pedido)<\/li>\n<li>Certifica\u00e7\u00e3o de materiais (A pedido)<\/li>\n<li>Certifica\u00e7\u00e3o de Tratamento de Superf\u00edcie (A pedido)<\/li>\n<li>PPAP N\u00edvel III (A pedido)<\/li>\n<li>IMDS (A pedido)<\/li>\n<\/ul>\n<p>[\/et_pb_text][\/et_pb_column][et_pb_column type=&#8221;2_5&#8243; _builder_version=&#8221;4.18.0&#8243; _module_preset=&#8221;default&#8221; custom_css_main_element=&#8221;margin: auto;&#8221; global_colors_info=&#8221;{}&#8221;]<\/p>\n<p>[et_pb_gallery gallery_ids=&#8221;1775,1776,1782,1781,1779&#8243; fullwidth=&#8221;on&#8221; _builder_version=&#8221;4.19.0&#8243; _module_preset=&#8221;default&#8221; width_tablet=&#8221;55%&#8221; width_phone=&#8221;85%&#8221; width_last_edited=&#8221;on|phone&#8221; auto=&#8221;on&#8221; module_alignment_tablet=&#8221;center&#8221; module_alignment_phone=&#8221;center&#8221; module_alignment_last_edited=&#8221;on|tablet&#8221; box_shadow_style=&#8221;preset1&#8243; box_shadow_color=&#8221;rgba(0,0,0,0.12)&#8221; global_colors_info=&#8221;{}&#8221;][\/et_pb_gallery]<\/p>\n<p>[\/et_pb_column][\/et_pb_row][\/et_pb_section]<\/p>\n","protected":false},"excerpt":{"rendered":"<p>Certificados de qualidadePodemos fornecer certificados de acordo com as normas mais comuns para: mat\u00e9ria-prima, tratamentos de superf\u00edcie, medi\u00e7\u00e3o do desempenho do produto e outros tipos.Qualidade e pol\u00edtica ambientalComunicado de desempenho &#8211; Objetivos Ambientais 2025.Pol\u00edtica de qualidade e ambiente.Lista de certificadosIATF 16949:2016ISO 14001:2015EN ISO 9001:2015ROHS 2001\/65\/ UEREACH 67\/548\/ Cee e CEE 1907\/20062.1 EN 1024\/2004Certifica\u00e7\u00e3o 3.1 (A [&hellip;]<\/p>\n","protected":false},"author":3,"featured_media":0,"parent":0,"menu_order":0,"comment_status":"closed","ping_status":"closed","template":"","meta":{"_acf_changed":false,"_et_pb_use_builder":"on","_et_pb_old_content":"","_et_gb_content_width":"","content-type":"","inline_featured_image":false,"footnotes":""},"class_list":["post-6898","page","type-page","status-publish","hentry"],"acf":[],"_links":{"self":[{"href":"https:\/\/remachestudela.com\/pt-pt\/wp-json\/wp\/v2\/pages\/6898","targetHints":{"allow":["GET"]}}],"collection":[{"href":"https:\/\/remachestudela.com\/pt-pt\/wp-json\/wp\/v2\/pages"}],"about":[{"href":"https:\/\/remachestudela.com\/pt-pt\/wp-json\/wp\/v2\/types\/page"}],"author":[{"embeddable":true,"href":"https:\/\/remachestudela.com\/pt-pt\/wp-json\/wp\/v2\/users\/3"}],"replies":[{"embeddable":true,"href":"https:\/\/remachestudela.com\/pt-pt\/wp-json\/wp\/v2\/comments?post=6898"}],"version-history":[{"count":9,"href":"https:\/\/remachestudela.com\/pt-pt\/wp-json\/wp\/v2\/pages\/6898\/revisions"}],"predecessor-version":[{"id":26233,"href":"https:\/\/remachestudela.com\/pt-pt\/wp-json\/wp\/v2\/pages\/6898\/revisions\/26233"}],"wp:attachment":[{"href":"https:\/\/remachestudela.com\/pt-pt\/wp-json\/wp\/v2\/media?parent=6898"}],"curies":[{"name":"wp","href":"https:\/\/api.w.org\/{rel}","templated":true}]}}